{"id":709,"date":"2018-12-28T10:25:44","date_gmt":"2018-12-28T10:25:44","guid":{"rendered":"http:\/\/cidoc.icom.cust.oxymium.net\/organisation\/quien-somos\/"},"modified":"2025-12-16T05:35:14","modified_gmt":"2025-12-16T05:35:14","slug":"who-we-are","status":"publish","type":"page","link":"https:\/\/icom-documentation.mini.icom.museum\/es\/organizacion\/who-we-are\/","title":{"rendered":"Qui\u00e9nes somos"},"content":{"rendered":"<h3>Apoyo a la documentaci\u00f3n del museo<\/h3>\n<p>La documentaci\u00f3n es esencial para todas las actividades de un museo. Los fondos y colecciones sin su debida documentaci\u00f3n no son verdaderas colecciones de \u201cmuseos\u201d.<br \/>\nEl Comit\u00e9 Internacional de Documentaci\u00f3n del ICOM, proporciona a la comunidad muse\u00edstica asesoramiento sobre buenas pr\u00e1cticas y avances en el campo de la documentaci\u00f3n de los museos. Somos uno de los 35 Comit\u00e9s Internacionales del ICOM que funge como \u00f3rganos de reflexi\u00f3n (think tank), especializ\u00e1ndose en un tema espec\u00edfico y brindando asesor\u00eda al ICOM.<\/p>\n<h3>Reglamento<\/h3>\n<p>Durante la 26.\u00aa Asamblea General Extraordinaria de 2023, el ICOM aprob\u00f3 modificaciones a sus estatutos. Desde entonces, todos los Comit\u00e9s Internacionales (IC, en ingl\u00e9s) tienen la responsabilidad de adoptar, revisar y armonizar sus reglamentos, a fin de hacerlos m\u00e1s transparentes y acordes a las pr\u00e1cticas actuales del ICOM.<br \/>\nEn seguimiento a las actualizaciones de los Estatutos del ICOM, ICOM Documentation actualiz\u00f3 su reglamento, el cual fue aprobado por nuestros miembros durante la Asamblea General Anual, de 2025. Esta actualizaci\u00f3n elimina redundancias, aument\u00f3 la claridad y a\u00f1adi\u00f3 referencias documentales en el flujo de trabajo del comit\u00e9, como garantizar que los grupos de trabajo presenten un plan de trabajo.<\/p>\n<p><a href=\"https:\/\/icom-documentation.mini.icom.museum\/wp-content\/uploads\/sites\/87\/2025\/12\/20251211_APPROVED_DOCUMENTATION_By-laws_2025_ES.docx.pdf\">Reglamento de Documentaci\u00f3n<\/a><\/p>\n<p><a href=\"https:\/\/icom-documentation.mini.icom.museum\/wp-content\/uploads\/sites\/87\/2025\/12\/CIDOC-Strategy-2023-2025-FINAL.pdf\">Estrategia de Documentaci\u00f3n (2023-2025)<\/a><\/p>\n","protected":false},"excerpt":{"rendered":"<p>Apoyo a la documentaci\u00f3n del museo La documentaci\u00f3n es esencial para todas las actividades de un museo. Los fondos y colecciones sin su debida documentaci\u00f3n no son verdaderas colecciones de \u201cmuseos\u201d. El Comit\u00e9 Internacional de Documentaci\u00f3n del ICOM, proporciona a la comunidad muse\u00edstica asesoramiento sobre buenas pr\u00e1cticas y avances en el campo de la documentaci\u00f3n [&hellip;]<\/p>\n","protected":false},"author":1,"featured_media":0,"parent":685,"menu_order":0,"comment_status":"closed","ping_status":"closed","template":"","meta":{"footnotes":""},"yst_prominent_words":[299,1541,123,252,159,161,208,297,1781,192,162,191,1784,2090],"acf":[],"_links":{"self":[{"href":"https:\/\/icom-documentation.mini.icom.museum\/es\/wp-json\/wp\/v2\/pages\/709"}],"collection":[{"href":"https:\/\/icom-documentation.mini.icom.museum\/es\/wp-json\/wp\/v2\/pages"}],"about":[{"href":"https:\/\/icom-documentation.mini.icom.museum\/es\/wp-json\/wp\/v2\/types\/page"}],"author":[{"embeddable":true,"href":"https:\/\/icom-documentation.mini.icom.museum\/es\/wp-json\/wp\/v2\/users\/1"}],"replies":[{"embeddable":true,"href":"https:\/\/icom-documentation.mini.icom.museum\/es\/wp-json\/wp\/v2\/comments?post=709"}],"version-history":[{"count":14,"href":"https:\/\/icom-documentation.mini.icom.museum\/es\/wp-json\/wp\/v2\/pages\/709\/revisions"}],"predecessor-version":[{"id":13061,"href":"https:\/\/icom-documentation.mini.icom.museum\/es\/wp-json\/wp\/v2\/pages\/709\/revisions\/13061"}],"up":[{"embeddable":true,"href":"https:\/\/icom-documentation.mini.icom.museum\/es\/wp-json\/wp\/v2\/pages\/685"}],"wp:attachment":[{"href":"https:\/\/icom-documentation.mini.icom.museum\/es\/wp-json\/wp\/v2\/media?parent=709"}],"wp:term":[{"taxonomy":"yst_prominent_words","embeddable":true,"href":"https:\/\/icom-documentation.mini.icom.museum\/es\/wp-json\/wp\/v2\/yst_prominent_words?post=709"}],"curies":[{"name":"wp","href":"https:\/\/api.w.org\/{rel}","templated":true}]}}