{"id":688,"date":"2018-12-28T10:25:38","date_gmt":"2018-12-28T10:25:38","guid":{"rendered":"http:\/\/cidoc.icom.cust.oxymium.net\/working-groups\/"},"modified":"2025-12-09T11:18:12","modified_gmt":"2025-12-09T11:18:12","slug":"grupos","status":"publish","type":"page","link":"https:\/\/icom-documentation.mini.icom.museum\/es\/grupos\/","title":{"rendered":"Grupos de Trabajo"},"content":{"rendered":"<p>Esta secci\u00f3n contiene la lista de los Grupos de Trabajo, activos y concluidos.<\/p>\n<h3>Activos<\/h3>\n<p><a href=\"https:\/\/icom-documentation.mini.icom.museum\/working-groups\/archaeological-sites-working-group-aswg\/\">Sitios arqueol\u00f3gicos<\/a><br \/>\n<a href=\"https:\/\/icom-documentation.mini.icom.museum\/es\/grupos\/crm-special-interest-group\/\">Modelo Conceptual de Referencia CIDOC CRM<\/a><br \/>\n<a href=\"https:\/\/icom-documentation.mini.icom.museum\/working-groups\/documentation-standards\/\">Normas de Documentaci\u00f3n<\/a><br \/>\n<a href=\"https:\/\/icom-documentation.mini.icom.museum\/working-groups\/domino\/\">DOMINO (DocumentandO Museu IberoamericaNO)<\/a><br \/>\n<a href=\"https:\/\/icom-documentation.mini.icom.museum\/working-groups\/exhibition-and-performance-documentation\/\">Documentaci\u00f3n de exposiciones y performance<\/a><br \/>\n<a href=\"https:\/\/icom-documentation.mini.icom.museum\/working-groups\/information-centres\/\">Centros de informaci\u00f3n<\/a><br \/>\n<a href=\"https:\/\/icom-documentation.mini.icom.museum\/working-groups\/intangible-cultural-heritage\/\">Patrimonio cultural intangible<\/a><br \/>\n<a href=\"https:\/\/icom-documentation.mini.icom.museum\/working-groups\/lido\/\">LIDO (Data Harvesting and Interchange Working Group)<\/a><br \/>\n<a href=\"https:\/\/icom-documentation.mini.icom.museum\/working-groups\/museum-process-implementation\/\">Implementaci\u00f3n de procesos en museos<\/a><br \/>\n<a href=\"https:\/\/icom-documentation.mini.icom.museum\/working-groups\/semantic-research-environments\/\">Entornos de investigaci\u00f3n sem\u00e1ntica<\/a><\/p>\n<h3>Concluidos<\/h3>\n<p><a href=\"https:\/\/icom-documentation.mini.icom.museum\/working-groups\/linked-art\/\">Linked Art<\/a><br \/>\n<a href=\"https:\/\/icom-documentation.mini.icom.museum\/working-groups\/digital-strategy-development\/\">Desarrollo de Estrategia Digital<\/a><br \/>\n<a href=\"https:\/\/icom-documentation.mini.icom.museum\/working-groups\/co-reference\/\">Co-referencia<\/a><br \/>\n<a href=\"https:\/\/icom-documentation.mini.icom.museum\/working-groups\/digital-preservation\/\">Preservaci\u00f3n Digital<\/a><\/p>\n","protected":false},"excerpt":{"rendered":"<p>Esta secci\u00f3n contiene la lista de los Grupos de Trabajo, activos y concluidos. Activos Sitios arqueol\u00f3gicos Modelo Conceptual de Referencia CIDOC CRM Normas de Documentaci\u00f3n DOMINO (DocumentandO Museu IberoamericaNO) Documentaci\u00f3n de exposiciones y performance Centros de informaci\u00f3n Patrimonio cultural intangible LIDO (Data Harvesting and Interchange Working Group) Implementaci\u00f3n de procesos en museos Entornos de investigaci\u00f3n [&hellip;]<\/p>\n","protected":false},"author":1,"featured_media":0,"parent":0,"menu_order":2,"comment_status":"closed","ping_status":"closed","template":"","meta":{"footnotes":""},"yst_prominent_words":[151,321,1627],"acf":[],"_links":{"self":[{"href":"https:\/\/icom-documentation.mini.icom.museum\/es\/wp-json\/wp\/v2\/pages\/688"}],"collection":[{"href":"https:\/\/icom-documentation.mini.icom.museum\/es\/wp-json\/wp\/v2\/pages"}],"about":[{"href":"https:\/\/icom-documentation.mini.icom.museum\/es\/wp-json\/wp\/v2\/types\/page"}],"author":[{"embeddable":true,"href":"https:\/\/icom-documentation.mini.icom.museum\/es\/wp-json\/wp\/v2\/users\/1"}],"replies":[{"embeddable":true,"href":"https:\/\/icom-documentation.mini.icom.museum\/es\/wp-json\/wp\/v2\/comments?post=688"}],"version-history":[{"count":6,"href":"https:\/\/icom-documentation.mini.icom.museum\/es\/wp-json\/wp\/v2\/pages\/688\/revisions"}],"predecessor-version":[{"id":12960,"href":"https:\/\/icom-documentation.mini.icom.museum\/es\/wp-json\/wp\/v2\/pages\/688\/revisions\/12960"}],"wp:attachment":[{"href":"https:\/\/icom-documentation.mini.icom.museum\/es\/wp-json\/wp\/v2\/media?parent=688"}],"wp:term":[{"taxonomy":"yst_prominent_words","embeddable":true,"href":"https:\/\/icom-documentation.mini.icom.museum\/es\/wp-json\/wp\/v2\/yst_prominent_words?post=688"}],"curies":[{"name":"wp","href":"https:\/\/api.w.org\/{rel}","templated":true}]}}