{"id":4908,"date":"2018-12-28T10:47:38","date_gmt":"2018-12-28T10:47:38","guid":{"rendered":"http:\/\/cidoc.icom.cust.oxymium.net\/archive\/archivos\/2010-shanghai\/"},"modified":"2018-12-28T10:58:46","modified_gmt":"2018-12-28T10:58:46","slug":"2010-shanghai","status":"publish","type":"page","link":"https:\/\/icom-documentation.mini.icom.museum\/es\/archivos\/conferencias_pasadas\/2010-shanghai\/","title":{"rendered":"2010 Shanghai"},"content":{"rendered":"<div id=\"RTE_CONTENT\"> <!--TYPO3SEARCH_begin--> \t<!--  CONTENT ELEMENT, uid:5546\/text [begin] --> \t\t<\/p>\n<div id=\"c5546\"> \t\t<!--  Text: [begin] --> \t\t\t<\/p>\n<h2>Museums in intercultural dialogue &#8211; New Practices in Knowledge Sharing and Information Integration<\/h2>\n<p><img decoding=\"async\" src=\"http:\/\/cidoc.mini.icom.museum\/wp-content\/uploads\/sites\/6\/2018\/12\/RTEmagicC_7b13de6eeb.jpg.jpg\" id=\"irc_mi\" alt=\"\"><\/p>\n<p> The CIDOC <b>2010<\/b> conference was held as a part of the triennial ICOM general conference in Shanghai, China which lasted from November 7th to November 12th 2010. <\/p>\n<p> \t\t<!--  Text: [end] --> \t\t\t   \t<!--  \t\tBEGIN: Content of extension \"hpo_relatedlink\", plugin \"tx_hporelatedlink_pi1\"  \t--> \t<\/p>\n<div> \t\t \t<\/div>\n<p> \t \t<!-- END: Content of extension \"hpo_relatedlink\", plugin \"tx_hporelatedlink_pi1\" -->  \t<\/div>\n<p> \t<!--  CONTENT ELEMENT, uid:5546\/text [end] --> \t\t \t<!--  CONTENT ELEMENT, uid:12568\/textpic [begin] --> \t\t<\/p>\n<div id=\"c12568\"> \t\t<!--  Header: [begin] --> \t\t\t<\/p>\n<h2>2010 Conference Papers<\/h2>\n<p> \t\t<!--  Header: [end] --> \t\t\t \t\t<!--  Image block: [begin] --> \t\t\t<\/p>\n<div> \t\t<!--  Text: [begin] --> \t\t\t<\/p>\n<p>Below is a list of authors with links to full papers  <\/p>\n<p>Nicholas Crofts: <a href=\"http:\/\/cidoc.mini.icom.museum\/wp-content\/uploads\/sites\/6\/2018\/12\/crofts.pdf\" title=\"TEXT, crofts, crofts.pdf, 109 KB\" target=\"_blank\">Grasping the intangible<\/a>   <\/p>\n<p>Ifigenia Dionissiadou: <a href=\"http:\/\/cidoc.mini.icom.museum\/wp-content\/uploads\/sites\/6\/2018\/12\/dionissiadou.pdf\" title=\"TEXT, dionissiadou, dionissiadou.pdf, 56 KB\" target=\"_blank\">Archives incorporating museum objects: the case of performing arts <\/a>  <\/p>\n<p>Guenther Goerz: <a href=\"http:\/\/cidoc.mini.icom.museum\/wp-content\/uploads\/sites\/6\/2018\/12\/goerz.pdf\" title=\"TEXT, goerz, goerz.pdf, 693 KB\" target=\"_blank\">Semantic Annotation for Medieval Cartography: The Example of the Behaim Globe of 1492 <\/a>  <\/p>\n<p>Monika Hagedorn-Saupe: Online Access to Cultural Heritage: Europeana &#8211; Athena and related national and European activities  <\/p>\n<p>Esa Hannus, Miia Herrala, Juhani Gr\u00f6nhagen, Henna M\u00f6ls\u00e4, Mika Nyman<br \/> <a href=\"http:\/\/cidoc.mini.icom.museum\/wp-content\/uploads\/sites\/6\/2018\/12\/herrala.pdf\" title=\"TEXT, herrala, herrala.pdf, 299 KB\" target=\"_blank\">Global Sharing of Information about Prehistoric Rock Art <\/a>  <\/p>\n<p>Katri Hirvonen-Nurmi: <a href=\"http:\/\/cidoc.mini.icom.museum\/wp-content\/uploads\/sites\/6\/2018\/12\/hirvonen.pdf\" title=\"TEXT, hirvonen, hirvonen.pdf, 349 KB\" target=\"_blank\">Museums in Intercultural Dialogue &#8211; New Practices in Knowledge Sharing and Information Integration <\/a>  <\/p>\n<p>Nadzeya Kiyavitskaya, Akrivi Katifori, Yannis Velegrakis, Chrisa Tsinaraki, Siarhei Bykau, Eirini Savaidou, Aristotle Tympas, Yannis Ioannidis and Manolis Koubarakis: <a href=\"http:\/\/cidoc.mini.icom.museum\/wp-content\/uploads\/sites\/6\/2018\/12\/kiyavitskaya.pdf\" title=\"TEXT, kiyavitskaya, kiyavitskaya.pdf, 481 KB\" target=\"_blank\">Modeling and mapping multilingual and historically diverse content <\/a>  <\/p>\n<p>Zhu Kongqiang: Foundational Research of the Frame and Design Cultural Relicts  <\/p>\n<p>Karin K\u00fchling: <a href=\"http:\/\/cidoc.mini.icom.museum\/wp-content\/uploads\/sites\/6\/2018\/12\/kuehling.pdf\" title=\"TEXT, kuehling, kuehling.pdf, 32 KB\" target=\"_blank\">Access to letters from Napoleon to Johann Sebastian Bach (short paper)\u00a0<\/a>  <\/p>\n<p>Zhou Kuiying: <a href=\"http:\/\/cidoc.mini.icom.museum\/wp-content\/uploads\/sites\/6\/2018\/12\/ch_zhou.pdf\" title=\"TEXT, ch zhou, ch_zhou.pdf, 163 KB\" target=\"_blank\">Transformation Idea Enhancement Science Protection Consciousness with All One&#8217;s Strength Complete the Documentation of Museums Collections of Shanxi Province <\/a>  <\/p>\n<p>Jyue Tyan LOW, Martin Doerr: <a href=\"http:\/\/cidoc.mini.icom.museum\/wp-content\/uploads\/sites\/6\/2018\/12\/low.pdf\" title=\"TEXT, low, low.pdf, 338 KB\" target=\"_blank\">A postcard is not a building <\/a>  <\/p>\n<p>Lev Nol: <a href=\"http:\/\/cidoc.mini.icom.museum\/wp-content\/uploads\/sites\/6\/2018\/12\/nol.pdf\" title=\"TEXT, nol, nol.pdf, 222 KB\" target=\"_blank\">The Pushkin Museum Internet Portal &#8211; New Tendencies in Museum Heritage Knowledge Sharing <\/a>  <\/p>\n<p>You Qingqiao: Thinking on the Practice of the Documentation Chinese Museum Collections  <\/p>\n<p>Hans Rengman: <a href=\"http:\/\/cidoc.mini.icom.museum\/wp-content\/uploads\/sites\/6\/2018\/12\/rengman.pdf\" title=\"TEXT, rengman, rengman.pdf, 70 KB\" target=\"_blank\">Moving SAMOREG into LIDO <\/a>  <\/p>\n<p>Vincent Ribaud: <a href=\"http:\/\/cidoc.mini.icom.museum\/wp-content\/uploads\/sites\/6\/2018\/12\/ribaud.pdf\" title=\"TEXT, ribaud, ribaud.pdf, 246 KB\" target=\"_blank\">End-user story telling with a CIDOC CRM- based semantic wiki <\/a>  <\/p>\n<p>Regine Stein: <a href=\"http:\/\/cidoc.mini.icom.museum\/wp-content\/uploads\/sites\/6\/2018\/12\/stein.pdf\" title=\"TEXT, stein, stein.pdf, 180 KB\" target=\"_blank\">Sharing Museum Information: Theory or Practice? &#8211; A European Experience <\/a> <\/p>\n<p>\u00a0<\/p>\n<p> \t\t<!--  Text: [end] --> \t\t\t<\/div>\n<p> \t\t<!--  Image block: [end] --> \t\t\t   \t<!--  \t\tBEGIN: Content of extension \"hpo_relatedlink\", plugin \"tx_hporelatedlink_pi1\"  \t--> \t<\/p>\n<div> \t\t \t<\/div>\n<p> \t \t<!-- END: Content of extension \"hpo_relatedlink\", plugin \"tx_hporelatedlink_pi1\" -->  \t<\/div>\n<p> \t<!--  CONTENT ELEMENT, uid:12568\/textpic [end] --> \t\t<!--TYPO3SEARCH_end--> <\/div>\n","protected":false},"excerpt":{"rendered":"<p>Museums in intercultural dialogue &#8211; New Practices in Knowledge Sharing and Information Integration The CIDOC 2010 conference was held as a part of the triennial ICOM general conference in Shanghai, China which lasted from November 7th to November 12th 2010. 2010 Conference Papers Below is a list of authors with links to full papers Nicholas [&hellip;]<\/p>\n","protected":false},"author":1,"featured_media":0,"parent":1132,"menu_order":7,"comment_status":"closed","ping_status":"closed","template":"","meta":{"footnotes":""},"yst_prominent_words":[],"acf":[],"_links":{"self":[{"href":"https:\/\/icom-documentation.mini.icom.museum\/es\/wp-json\/wp\/v2\/pages\/4908"}],"collection":[{"href":"https:\/\/icom-documentation.mini.icom.museum\/es\/wp-json\/wp\/v2\/pages"}],"about":[{"href":"https:\/\/icom-documentation.mini.icom.museum\/es\/wp-json\/wp\/v2\/types\/page"}],"author":[{"embeddable":true,"href":"https:\/\/icom-documentation.mini.icom.museum\/es\/wp-json\/wp\/v2\/users\/1"}],"replies":[{"embeddable":true,"href":"https:\/\/icom-documentation.mini.icom.museum\/es\/wp-json\/wp\/v2\/comments?post=4908"}],"version-history":[{"count":1,"href":"https:\/\/icom-documentation.mini.icom.museum\/es\/wp-json\/wp\/v2\/pages\/4908\/revisions"}],"predecessor-version":[{"id":8899,"href":"https:\/\/icom-documentation.mini.icom.museum\/es\/wp-json\/wp\/v2\/pages\/4908\/revisions\/8899"}],"up":[{"embeddable":true,"href":"https:\/\/icom-documentation.mini.icom.museum\/es\/wp-json\/wp\/v2\/pages\/1132"}],"wp:attachment":[{"href":"https:\/\/icom-documentation.mini.icom.museum\/es\/wp-json\/wp\/v2\/media?parent=4908"}],"wp:term":[{"taxonomy":"yst_prominent_words","embeddable":true,"href":"https:\/\/icom-documentation.mini.icom.museum\/es\/wp-json\/wp\/v2\/yst_prominent_words?post=4908"}],"curies":[{"name":"wp","href":"https:\/\/api.w.org\/{rel}","templated":true}]}}