{"id":12971,"date":"2025-12-09T11:56:28","date_gmt":"2025-12-09T11:56:28","guid":{"rendered":"http:\/\/icom-documentation.mini.icom.museum\/?page_id=12971"},"modified":"2026-01-26T12:51:01","modified_gmt":"2026-01-26T12:51:01","slug":"boletin-2023","status":"publish","type":"page","link":"https:\/\/icom-documentation.mini.icom.museum\/es\/archivos\/boletines-anteriores\/boletin-2023\/","title":{"rendered":"Bolet\u00edn 2024"},"content":{"rendered":"<p>El Bolet\u00edn Anual de ICOM Documentation es un reflejo de nuestro compromiso con ICOM y con nuestros miembros activos. Como resultado de este compromiso, el Bolet\u00edn de 2024 incluye un informe de la Junta Directiva, as\u00ed como un an\u00e1lisis de nuestra membres\u00eda y un panorama general de los eventos clave del a\u00f1o, entre los que se destacan nuestra Conferencia Internacional en \u00c1msterdam y el taller realizado en Costa Rica.<br \/>\nAsimismo, compartimos un reporte de las novedades de tres de nuestros Grupos de Trabajo activos: el Grupo de Trabajo LIDO, el Grupo de Especialistas en CIDOC CRM (CIDOC CRM SIG) y el Exhibition Object Data Exchange Model (EODEM, por sus siglas en ingl\u00e9s).<\/p>\n<p>Enlace a los registros de la ICOM Online Library:<\/p>\n<p><img decoding=\"async\" loading=\"lazy\" src=\"https:\/\/icom-documentation.mini.icom.museum\/wp-content\/uploads\/sites\/87\/2025\/12\/image2-254x300.png\" alt=\"\" width=\"254\" height=\"300\" class=\"alignright size-medium wp-image-13023\" srcset=\"https:\/\/icom-documentation.mini.icom.museum\/wp-content\/uploads\/sites\/87\/2025\/12\/image2-254x300.png 254w, https:\/\/icom-documentation.mini.icom.museum\/wp-content\/uploads\/sites\/87\/2025\/12\/image2.png 606w\" sizes=\"(max-width: 254px) 100vw, 254px\" \/><\/p>\n<p>Franc\u00e9s: <a href=\"https:\/\/icom.jlbinfo.info\/bibliotheque\/jlbWeb?html=Bur&#038;base=documentation&#038;ref=51628&#038;file=7762.pdf&#038;path=IC-documentation_newsletter_2024_fr.pdf\">PDF<\/a> | <a href=\"https:\/\/icom.jlbinfo.info\/bibliotheque\/jlbWeb?html=Pag&#038;page=Lnk&#038;ref=DE543AA825BC385FA42906CDB42CA199\">ICOM Archive Record<\/a><\/p>\n<p>Ingl\u00e9s: <a href=\"https:\/\/icom.jlbinfo.info\/bibliotheque\/jlbWeb?html=Bur&#038;base=documentation&#038;ref=51629&#038;file=7763.pdf&#038;path=IC-documentation_newsletter_2024_en.pdf\">PDF<\/a> | <a href=\"https:\/\/icom.jlbinfo.info\/bibliotheque\/jlbWeb?html=Pag&#038;page=Lnk&#038;ref=A49BE9C33E4BA851A64B554F98AB6EA7\">ICOM Archive Record<\/a><\/p>\n<p>Espa\u00f1ol: <a href=\"https:\/\/icom.jlbinfo.info\/bibliotheque\/jlbWeb?html=Bur&#038;base=documentation&#038;ref=51630&#038;file=7764.pdf&#038;path=IC-documentation_newsletter_2024_es.pdf\">PDF<\/a> | <a href=\"https:\/\/icom.jlbinfo.info\/bibliotheque\/jlbWeb?html=Pag&#038;page=Lnk&#038;ref=EDDA955709505527F698DB2F8F47155A\">ICOM Archive Record<\/a><\/p>\n<p>\u00c1rabe: <a href=\"https:\/\/icom.jlbinfo.info\/bibliotheque\/jlbWeb?html=Bur&#038;base=documentation&#038;ref=51729&#038;file=7839.pdf&#038;path=IC-documentation_newsletter_2024_ar.pdf\">PDF<\/a> | <a href=\"https:\/\/icom.jlbinfo.info\/bibliotheque\/jlbWeb?html=Pag&#038;page=Lnk&#038;ref=5AE69E297EBE2EC17268A55AA6DE144C\">ICOM Archive Record<\/a><\/p>\n","protected":false},"excerpt":{"rendered":"<p>El Bolet\u00edn Anual de ICOM Documentation es un reflejo de nuestro compromiso con ICOM y con nuestros miembros activos. Como resultado de este compromiso, el Bolet\u00edn de 2024 incluye un informe de la Junta Directiva, as\u00ed como un an\u00e1lisis de nuestra membres\u00eda y un panorama general de los eventos clave del a\u00f1o, entre los que [&hellip;]<\/p>\n","protected":false},"author":119,"featured_media":13023,"parent":1135,"menu_order":0,"comment_status":"closed","ping_status":"closed","template":"","meta":{"footnotes":""},"yst_prominent_words":[474,151,84,1541,159,1807,1519,161,1523,54,1607,540,741,2090],"acf":[],"_links":{"self":[{"href":"https:\/\/icom-documentation.mini.icom.museum\/es\/wp-json\/wp\/v2\/pages\/12971"}],"collection":[{"href":"https:\/\/icom-documentation.mini.icom.museum\/es\/wp-json\/wp\/v2\/pages"}],"about":[{"href":"https:\/\/icom-documentation.mini.icom.museum\/es\/wp-json\/wp\/v2\/types\/page"}],"author":[{"embeddable":true,"href":"https:\/\/icom-documentation.mini.icom.museum\/es\/wp-json\/wp\/v2\/users\/119"}],"replies":[{"embeddable":true,"href":"https:\/\/icom-documentation.mini.icom.museum\/es\/wp-json\/wp\/v2\/comments?post=12971"}],"version-history":[{"count":5,"href":"https:\/\/icom-documentation.mini.icom.museum\/es\/wp-json\/wp\/v2\/pages\/12971\/revisions"}],"predecessor-version":[{"id":13098,"href":"https:\/\/icom-documentation.mini.icom.museum\/es\/wp-json\/wp\/v2\/pages\/12971\/revisions\/13098"}],"up":[{"embeddable":true,"href":"https:\/\/icom-documentation.mini.icom.museum\/es\/wp-json\/wp\/v2\/pages\/1135"}],"wp:featuredmedia":[{"embeddable":true,"href":"https:\/\/icom-documentation.mini.icom.museum\/es\/wp-json\/wp\/v2\/media\/13023"}],"wp:attachment":[{"href":"https:\/\/icom-documentation.mini.icom.museum\/es\/wp-json\/wp\/v2\/media?parent=12971"}],"wp:term":[{"taxonomy":"yst_prominent_words","embeddable":true,"href":"https:\/\/icom-documentation.mini.icom.museum\/es\/wp-json\/wp\/v2\/yst_prominent_words?post=12971"}],"curies":[{"name":"wp","href":"https:\/\/api.w.org\/{rel}","templated":true}]}}