{"id":12955,"date":"2025-12-08T11:30:48","date_gmt":"2025-12-08T11:30:48","guid":{"rendered":"http:\/\/icom-documentation.mini.icom.museum\/?page_id=12955"},"modified":"2025-12-08T11:30:48","modified_gmt":"2025-12-08T11:30:48","slug":"grupo-de-trabajo-para-la-definicion-de-documentacion-de-museos","status":"publish","type":"page","link":"https:\/\/icom-documentation.mini.icom.museum\/es\/grupos-especiales-de-trabajo\/grupo-de-trabajo-para-la-definicion-de-documentacion-de-museos\/","title":{"rendered":"Grupo de Trabajo para la Definici\u00f3n de Documentaci\u00f3n de Museos"},"content":{"rendered":"<h3>Objetivos generales<\/h3>\n<p>Desarrollar una definici\u00f3n oficial de \u00abDocumentaci\u00f3n de Museos\u00bb de ICOM DOCUMENTACI\u00d3N \u2015una breve declaraci\u00f3n que tiene como objetivo condensar el alcance, los l\u00edmites y usos de las actividades de la documentaci\u00f3n en los museos\u2015, as\u00ed como elaborar bibliograf\u00eda relacionada.<\/p>\n<h3>Proyectos actuales<\/h3>\n<p>Versi\u00f3n I (V.I) de la definici\u00f3n de \u00abDocumentaci\u00f3n de Museos\u00bb<br \/>\nArt\u00edculo explicativo adjunto: publicaci\u00f3n prevista para oto\u00f1o de 2025 o primavera de 2026<\/p>\n<h3>Materiales<\/h3>\n<p>Justificaci\u00f3n y borrador de trabajo<\/p>\n<h3>Historia<\/h3>\n<p>El Grupo de Trabajo fue creado en mayo de 2023 por la junta directiva de ICOM DOCUMENTACI\u00d3N. El proceso para elaborar la definici\u00f3n ha sido iterativo y colaborativo, con m\u00faltiples oportunidades para recibir retroalimentaci\u00f3n y comentarios de la comunidad, de manera p\u00fablica, de un grupo diverso y global de documentalistas de museos. Una introducci\u00f3n al proyecto se present\u00f3 primero a los miembros de ICOM DOCUMENTACI\u00d3N en un foro abierto durante la conferencia anual de 2023, en la Ciudad de M\u00e9xico. El Borrador I (D.I) de la definici\u00f3n fue compartido a la junta directiva y Grupos de Trabajo (WG por sus siglas en ingl\u00e9s) para su retroalimentaci\u00f3n formal, en noviembre de 2023.<\/p>\n<p>Nuevamente, en mayo de 2024, el Borrador II (D.II) se present\u00f3 a la junta directiva y a los representantes de los Grupos de Trabajo para su retroalimentaci\u00f3n. Finalmente, el Borrador III (D.III) se present\u00f3 para su an\u00e1lisis en profundidad durante una mesa redonda de media jornada, en la conferencia anual de \u00c1msterdam, en noviembre de 2024. Lo anterior deriv\u00f3 en el borrador actual, Borrador IV (D.IV).<\/p>\n<h3>Participantes y contacto:<\/h3>\n<p><a href=\"mailto:adele.barbato@gmail.com\">Adele Barbato<\/a>, presidenta<br \/>\nPaula Casajus<br \/>\nKaie Jeeser<br \/>\nGordon McKenna<br \/>\nTrilce Navarrete<br \/>\nDominic Oldman<br \/>\nJonathan Ward<\/p>\n","protected":false},"excerpt":{"rendered":"<p>Objetivos generales Desarrollar una definici\u00f3n oficial de \u00abDocumentaci\u00f3n de Museos\u00bb de ICOM DOCUMENTACI\u00d3N \u2015una breve declaraci\u00f3n que tiene como objetivo condensar el alcance, los l\u00edmites y usos de las actividades de la documentaci\u00f3n en los museos\u2015, as\u00ed como elaborar bibliograf\u00eda relacionada. Proyectos actuales Versi\u00f3n I (V.I) de la definici\u00f3n de \u00abDocumentaci\u00f3n de Museos\u00bb Art\u00edculo explicativo [&hellip;]<\/p>\n","protected":false},"author":119,"featured_media":0,"parent":12924,"menu_order":0,"comment_status":"closed","ping_status":"closed","template":"","meta":{"footnotes":""},"yst_prominent_words":[1634,84,1548,1541],"acf":[],"_links":{"self":[{"href":"https:\/\/icom-documentation.mini.icom.museum\/es\/wp-json\/wp\/v2\/pages\/12955"}],"collection":[{"href":"https:\/\/icom-documentation.mini.icom.museum\/es\/wp-json\/wp\/v2\/pages"}],"about":[{"href":"https:\/\/icom-documentation.mini.icom.museum\/es\/wp-json\/wp\/v2\/types\/page"}],"author":[{"embeddable":true,"href":"https:\/\/icom-documentation.mini.icom.museum\/es\/wp-json\/wp\/v2\/users\/119"}],"replies":[{"embeddable":true,"href":"https:\/\/icom-documentation.mini.icom.museum\/es\/wp-json\/wp\/v2\/comments?post=12955"}],"version-history":[{"count":1,"href":"https:\/\/icom-documentation.mini.icom.museum\/es\/wp-json\/wp\/v2\/pages\/12955\/revisions"}],"predecessor-version":[{"id":12956,"href":"https:\/\/icom-documentation.mini.icom.museum\/es\/wp-json\/wp\/v2\/pages\/12955\/revisions\/12956"}],"up":[{"embeddable":true,"href":"https:\/\/icom-documentation.mini.icom.museum\/es\/wp-json\/wp\/v2\/pages\/12924"}],"wp:attachment":[{"href":"https:\/\/icom-documentation.mini.icom.museum\/es\/wp-json\/wp\/v2\/media?parent=12955"}],"wp:term":[{"taxonomy":"yst_prominent_words","embeddable":true,"href":"https:\/\/icom-documentation.mini.icom.museum\/es\/wp-json\/wp\/v2\/yst_prominent_words?post=12955"}],"curies":[{"name":"wp","href":"https:\/\/api.w.org\/{rel}","templated":true}]}}