{"id":12924,"date":"2025-12-08T07:16:32","date_gmt":"2025-12-08T07:16:32","guid":{"rendered":"http:\/\/icom-documentation.mini.icom.museum\/?page_id=12924"},"modified":"2025-12-09T11:30:19","modified_gmt":"2025-12-09T11:30:19","slug":"grupos-especiales-de-trabajo","status":"publish","type":"page","link":"https:\/\/icom-documentation.mini.icom.museum\/es\/grupos-especiales-de-trabajo\/","title":{"rendered":"Grupos Especiales de Trabajo"},"content":{"rendered":"<p><a href=\"https:\/\/icom.museum\">ICOM<\/a> <a href=\"http:\/\/icom-documentation.mini.icom.museum\/\">DOCUMENTATION<\/a> tiene actualmente dos Grupos Especiales de Trabajo:<\/p>\n<p><a href=\"https:\/\/icom-documentation.mini.icom.museum\/task-forces\/museum-documentation-definition-task-force\/\">Grupo de Trabajo para la Definici\u00f3n de Documentaci\u00f3n de Museos<\/a><\/p>\n<p><a href=\"https:\/\/icom-documentation.mini.icom.museum\/task-forces\/documentaperu\/\">Grupo de Inter\u00e9s Documentaci\u00f3n Per\u00fa<\/a><\/p>\n","protected":false},"excerpt":{"rendered":"<p>ICOM DOCUMENTATION tiene actualmente dos Grupos Especiales de Trabajo: Grupo de Trabajo para la Definici\u00f3n de Documentaci\u00f3n de Museos Grupo de Inter\u00e9s Documentaci\u00f3n Per\u00fa<\/p>\n","protected":false},"author":119,"featured_media":0,"parent":0,"menu_order":0,"comment_status":"closed","ping_status":"closed","template":"","meta":{"footnotes":""},"yst_prominent_words":[151,1541,1523,1784],"acf":[],"_links":{"self":[{"href":"https:\/\/icom-documentation.mini.icom.museum\/es\/wp-json\/wp\/v2\/pages\/12924"}],"collection":[{"href":"https:\/\/icom-documentation.mini.icom.museum\/es\/wp-json\/wp\/v2\/pages"}],"about":[{"href":"https:\/\/icom-documentation.mini.icom.museum\/es\/wp-json\/wp\/v2\/types\/page"}],"author":[{"embeddable":true,"href":"https:\/\/icom-documentation.mini.icom.museum\/es\/wp-json\/wp\/v2\/users\/119"}],"replies":[{"embeddable":true,"href":"https:\/\/icom-documentation.mini.icom.museum\/es\/wp-json\/wp\/v2\/comments?post=12924"}],"version-history":[{"count":2,"href":"https:\/\/icom-documentation.mini.icom.museum\/es\/wp-json\/wp\/v2\/pages\/12924\/revisions"}],"predecessor-version":[{"id":12964,"href":"https:\/\/icom-documentation.mini.icom.museum\/es\/wp-json\/wp\/v2\/pages\/12924\/revisions\/12964"}],"wp:attachment":[{"href":"https:\/\/icom-documentation.mini.icom.museum\/es\/wp-json\/wp\/v2\/media?parent=12924"}],"wp:term":[{"taxonomy":"yst_prominent_words","embeddable":true,"href":"https:\/\/icom-documentation.mini.icom.museum\/es\/wp-json\/wp\/v2\/yst_prominent_words?post=12924"}],"curies":[{"name":"wp","href":"https:\/\/api.w.org\/{rel}","templated":true}]}}