{"id":12918,"date":"2025-12-08T07:03:05","date_gmt":"2025-12-08T07:03:05","guid":{"rendered":"http:\/\/icom-documentation.mini.icom.museum\/?page_id=12918"},"modified":"2025-12-08T07:03:05","modified_gmt":"2025-12-08T07:03:05","slug":"grupo-de-interes-documentacion-peru","status":"publish","type":"page","link":"https:\/\/icom-documentation.mini.icom.museum\/es\/grupos-especiales-de-trabajo\/grupo-de-interes-documentacion-peru\/","title":{"rendered":"Grupo de Inter\u00e9s Documentaci\u00f3n Per\u00fa"},"content":{"rendered":"<p><img decoding=\"async\" loading=\"lazy\" src=\"https:\/\/icom-documentation.mini.icom.museum\/wp-content\/uploads\/sites\/87\/2025\/12\/DOCUMENTA-con-fondo-300x300.png\" alt=\"DOCUMENTAPERU logo\" width=\"300\" height=\"300\" class=\"alignright size-medium wp-image-12912\" srcset=\"https:\/\/icom-documentation.mini.icom.museum\/wp-content\/uploads\/sites\/87\/2025\/12\/DOCUMENTA-con-fondo-300x300.png 300w, https:\/\/icom-documentation.mini.icom.museum\/wp-content\/uploads\/sites\/87\/2025\/12\/DOCUMENTA-con-fondo-1024x1024.png 1024w, https:\/\/icom-documentation.mini.icom.museum\/wp-content\/uploads\/sites\/87\/2025\/12\/DOCUMENTA-con-fondo-150x150.png 150w, https:\/\/icom-documentation.mini.icom.museum\/wp-content\/uploads\/sites\/87\/2025\/12\/DOCUMENTA-con-fondo-768x768.png 768w, https:\/\/icom-documentation.mini.icom.museum\/wp-content\/uploads\/sites\/87\/2025\/12\/DOCUMENTA-con-fondo.png 1250w\" sizes=\"(max-width: 300px) 100vw, 300px\" \/><\/p>\n<h3>Metas generales\/Prop\u00f3sito\/Objetivo<\/h3>\n<p>El Objetivo principal del Grupo de Inter\u00e9s Documentaci\u00f3n Per\u00fa (<strong>DOCUMENTAPERU<\/strong>) es promover la adopci\u00f3n de buenas pr\u00e1cticas en la documentaci\u00f3n del patrimonio mueble, acorde al siglo XXI y al contexto peruano, mediante el uso de est\u00e1ndares, la implementaci\u00f3n de reglas para su aplicaci\u00f3n y, en lo posible, el empleo de un vocabularios controlados.<\/p>\n<h3>Objetivos estrat\u00e9gicos<\/h3>\n<p>Describir el panorama situacional de la documentaci\u00f3n del patrimonio mueble cultural y natural en las instituciones museales peruanas.<br \/>\nDifundir las herramientas, gu\u00edas, lineamientos y perspectivas de ICOM DOCUMENTACI\u00d3N sobre la documentaci\u00f3n en los museos.<br \/>\nDesarrollar acciones conjuntas con el Grupo de Trabajo DOMINO, fomentando el intercambio de conocimientos entre profesionales de Iberoam\u00e9rica.<br \/>\nOrientar la implementaci\u00f3n de reglas para el uso de categor\u00edas descriptivas en la documentaci\u00f3n de bienes patrimoniales culturales y\/o naturales.<br \/>\nFomentar el empleo de vocabularios controlados, basados en tesauros existentes o mediante el uso de alternativas propuestas para armonizar datos.<\/p>\n<h3>Proyectos en proceso<\/h3>\n<ul>\n<li>Contribuci\u00f3n a la aplicaci\u00f3n en el Per\u00fa del estudio del Grupo de Trabajo DOMINO: 2\u00b0 <i>Encuesta: Documentaci\u00f3n en los Museos de Iberoam\u00e9rica.<\/i><\/li>\n<li>Difusi\u00f3n de las herramientas de ICOM DOCUMENTACI\u00d3N: principios, gu\u00edas, lineamientos y est\u00e1ndares sobre la documentaci\u00f3n de museos en las instituciones del Per\u00fa.<\/li>\n<\/ul>\n<h3>Materiales<\/h3>\n<ul>\n<li><a href=\"https:\/\/zenodo.org\/records\/15522779\">El Valor de la Documentaci\u00f3n en los Museos. La iniciativa DOCUMENTAPERU (2025)<\/a><br \/>\n<i>Presentaci\u00f3n realizada en mayo, durante la XXIII Feria Internacional de Museos de Lima, en conmemoraci\u00f3n por el D\u00eda Internacional de los Museos, para difundir la importancia y acciones de ICOM DOCUMENTACI\u00d3N, el GT DOMINO y la conformaci\u00f3n de DOCUMENTAPERU.<\/i><\/li>\n<li><a href=\"https:\/\/zenodo.org\/records\/15765329\">Lineamientos del Grupo de Inter\u00e9s Documentaci\u00f3n Per\u00fa (2025)<\/a><br \/>\n<i>Base organizativa del equipo \u2014estableciendo como referente a ICOM DOCUMENTACI\u00d3N\u2014 que pueda servir como base para iniciativas en otros pa\u00edses con situaciones similares. Permite agrupar y organizar la participaci\u00f3n de personas interesadas en la documentaci\u00f3n museal, y brindar apoyo en la documentaci\u00f3n a instituciones locales que resguarden patrimonio cultural y natural.<\/i><\/li>\n<\/ul>\n<h3>Historia<\/h3>\n<p>DOCUMENTAPERU inici\u00f3 en septiembre del 2024, conformado por un grupo de ciudadanos interesados y profesionales relacionados en la documentaci\u00f3n del patrimonio cultural y natural. Este grupo coordin\u00f3 y estableci\u00f3 las primeras l\u00edneas de acci\u00f3n y comunicaci\u00f3n con ICOM DOCUMENTACI\u00d3N.<br \/>\nSin embargo, en un contexto en que son pocos los miembros de la comunidad muse\u00edstica peruana incorporada al ICOM, fue que decidimos proponer un \u201cgrupo de inter\u00e9s\u201d, t\u00e9rmino que define \u201cun grupo de personas organizadas alrededor de un inter\u00e9s com\u00fan, con el prop\u00f3sito de actuar conjuntamente en defensa de ese inter\u00e9s\u201d. Siendo que nos un\u00eda el tema la documentaci\u00f3n del patrimonio cultural y natural del Per\u00fa, iniciamos una colaboraci\u00f3n abierta con personas interesadas y dedicadas a la documentaci\u00f3n de acervos y colecciones en museos, o en las reservas\/dep\u00f3sitos de proyectos de investigaci\u00f3n, donde se custodian materiales arqueol\u00f3gicos.<br \/>\nDesde 2025 realizamos coordinaciones y acciones de apoyo con el GT <a href=\"https:\/\/icom-documentation.mini.icom.museum\/es\/grupos\/domino\/\">DOMINO<\/a>, y participamos en eventos de divulgaci\u00f3n en el pa\u00eds, como la Feria de Museos del Centro Hist\u00f3rico de Lima, lo cual permiti\u00f3 la incorporaci\u00f3n de nuevos miembros al equipo. DOCUMENTAPERU est\u00e1 integrado por profesionales en arqueolog\u00eda, historia, historia del arte y  medios audiovisuales, que se desempe\u00f1an en organismos centrales, instituciones p\u00fablicas e instituciones privadas.<\/p>\n<h3>Contacto<\/h3>\n<p><a href=\"mailto:perudocumenta@gmail.com\">perudocumenta@gmail.com<\/a><\/p>\n<h3>Participantes<\/h3>\n<p><a href=\"mailto:toetseg@gmail.com\">Cecilia Huam\u00e1n<\/a><br \/>\n<a href=\"mailto:cesarhuiza.romero@gmail.com\">C\u00e9sar Huiza<\/a><br \/>\n<a href=\"mailto:c.altamirano.colque@gmail.com\">Christian Altamirano<\/a><br \/>\n<a href=\"mailto:danielmansillabanda@gmail.com\">Daniel Mansilla<\/a><br \/>\n<a href=\"mailto:dennis.chevarria@gmail.com\">Dennis Chevarr\u00eda<\/a><br \/>\n<a href=\"mailto:manuelhuayaneyarango@gmail.com\">Manuel Huayaney<\/a><br \/>\n<a href=\"mailto:nataliacisnerosdelrio@gmail.com\">Natalia Cisneros<\/a><br \/>\n<a href=\"mailto:noeliaroarestan@gmail.com\">Noelia Roa<\/a><\/p>\n","protected":false},"excerpt":{"rendered":"<p>Metas generales\/Prop\u00f3sito\/Objetivo El Objetivo principal del Grupo de Inter\u00e9s Documentaci\u00f3n Per\u00fa (DOCUMENTAPERU) es promover la adopci\u00f3n de buenas pr\u00e1cticas en la documentaci\u00f3n del patrimonio mueble, acorde al siglo XXI y al contexto peruano, mediante el uso de est\u00e1ndares, la implementaci\u00f3n de reglas para su aplicaci\u00f3n y, en lo posible, el empleo de un vocabularios controlados. [&hellip;]<\/p>\n","protected":false},"author":119,"featured_media":12914,"parent":12924,"menu_order":0,"comment_status":"closed","ping_status":"closed","template":"","meta":{"footnotes":""},"yst_prominent_words":[2116,1523,297,247],"acf":[],"_links":{"self":[{"href":"https:\/\/icom-documentation.mini.icom.museum\/es\/wp-json\/wp\/v2\/pages\/12918"}],"collection":[{"href":"https:\/\/icom-documentation.mini.icom.museum\/es\/wp-json\/wp\/v2\/pages"}],"about":[{"href":"https:\/\/icom-documentation.mini.icom.museum\/es\/wp-json\/wp\/v2\/types\/page"}],"author":[{"embeddable":true,"href":"https:\/\/icom-documentation.mini.icom.museum\/es\/wp-json\/wp\/v2\/users\/119"}],"replies":[{"embeddable":true,"href":"https:\/\/icom-documentation.mini.icom.museum\/es\/wp-json\/wp\/v2\/comments?post=12918"}],"version-history":[{"count":1,"href":"https:\/\/icom-documentation.mini.icom.museum\/es\/wp-json\/wp\/v2\/pages\/12918\/revisions"}],"predecessor-version":[{"id":12919,"href":"https:\/\/icom-documentation.mini.icom.museum\/es\/wp-json\/wp\/v2\/pages\/12918\/revisions\/12919"}],"up":[{"embeddable":true,"href":"https:\/\/icom-documentation.mini.icom.museum\/es\/wp-json\/wp\/v2\/pages\/12924"}],"wp:featuredmedia":[{"embeddable":true,"href":"https:\/\/icom-documentation.mini.icom.museum\/es\/wp-json\/wp\/v2\/media\/12914"}],"wp:attachment":[{"href":"https:\/\/icom-documentation.mini.icom.museum\/es\/wp-json\/wp\/v2\/media?parent=12918"}],"wp:term":[{"taxonomy":"yst_prominent_words","embeddable":true,"href":"https:\/\/icom-documentation.mini.icom.museum\/es\/wp-json\/wp\/v2\/yst_prominent_words?post=12918"}],"curies":[{"name":"wp","href":"https:\/\/api.w.org\/{rel}","templated":true}]}}