{"id":12481,"date":"2024-12-04T09:03:42","date_gmt":"2024-12-04T09:03:42","guid":{"rendered":"http:\/\/icom-documentation.mini.icom.museum\/?page_id=12481"},"modified":"2025-01-23T09:12:20","modified_gmt":"2025-01-23T09:12:20","slug":"documentacion-museistica-y-tecnologias-de-la-informacion-revision-y-perspectivas","status":"publish","type":"page","link":"https:\/\/icom-documentation.mini.icom.museum\/es\/eventos\/documentacion-museistica-y-tecnologias-de-la-informacion-revision-y-perspectivas\/","title":{"rendered":"Documentaci\u00f3n muse\u00edstica y tecnolog\u00edas de la informaci\u00f3n. Revisi\u00f3n y perspectivas"},"content":{"rendered":"<p>El Comit\u00e9 Internacional de Documentaci\u00f3n (CIDOC), del ICOM, le invita a una jornada de estudio para descubrir, o redescubrir, los proyectos del Comit\u00e9, destinados a promover y potenciar el papel de la documentaci\u00f3n en los museos. Esta jornada, \u00edntegramente en franc\u00e9s, ser\u00e1 tambi\u00e9n una oportunidad para hacer un balance de la inteligencia artificial en el sector muse\u00edstico a trav\u00e9s de algunos proyectos franceses recientes o en curso en este \u00e1mbito.<\/p>\n<p><strong>Museo Guimet &#8211; H\u00f4tel d\u2019Heidelbach<\/strong> (19 avenue d\u2019I\u00e9na, Par\u00eds 16)<\/p>\n<p>Viernes 24 de enero de 2025. 9:30 a. m. &#8211; 5:00 p. m.<\/p>\n<h3>PROGRAMA<\/h3>\n<p style=\"text-align: center;\">9:30-10:00 Accueil caf\u00e9<\/p>\n<ul>\n<li><strong>10:00-10:15<\/strong> <em>Val\u00e9rie Guillaume (ICOM France) &amp; Lise Mesz (Mus\u00e9e Guimet)<\/em>, mot de bienvenue<\/li>\n<li><strong>10:15-11:25<\/strong> <em>Trilce Navarrete, Matthieu Bonicel, Nicholas Crofts (CIDOC)<\/em>, le comit\u00e9 CIDOC et ses projets<\/li>\n<li><strong>11:25-11:45<\/strong> <em>M\u00e9lanie Roche (Biblioth\u00e8que nationale de France)<\/em>, le mod\u00e8le s\u00e9mantique de r\u00e9f\u00e9rence CIDOC-CRM<\/li>\n<li><strong>11:45-12:10<\/strong> <em>Angelina Meslem (Service des mus\u00e9es de France)<\/em>, De l\u2019usage d\u2019Opentheso au sch\u00e9ma Lido : des perspectives concr\u00e8tes d\u2019am\u00e9lioration des donn\u00e9es du Catalogue collectif des mus\u00e9es de France.<\/li>\n<li><strong>12:10-12:30<\/strong> Questions<\/li>\n<\/ul>\n<p style=\"text-align: center;\">12:30-14:00 D\u00e9jeuner (libre)<\/p>\n<p><strong>14:00 &#8211; 15:30<\/strong> <i>Focus intelligence artificielle<\/i><\/p>\n<ul>\n<li><strong>14:00-14:20<\/strong> <em>Emmanuelle Berm\u00e8s (\u00c9cole nationale des chartes) et Marion Charpier (Mus\u00e9e des Arts d\u00e9coratifs)<\/em>, L&#8217;IA entre au mus\u00e9e ? Retour d&#8217;exp\u00e9rience du projet TORNE-H avec le Mus\u00e9e des Arts D\u00e9coratifs.<\/li>\n<li><strong>14:20-14:50<\/strong> <em>Rodolphe Bailly (Philharmonie de Paris)<\/em> L&#8217;IA pour l&#8217;assistance \u00e0 la recherche documentaire : retour d&#8217;exp\u00e9rience \u00e0 la M\u00e9diath\u00e8que de la Philharmonie de Paris<\/li>\n<li><strong>14:50-15:10<\/strong> <em>Edouard de Saint-Ours (Mus\u00e9e Guimet), M\u00e9lodie Boillet (Teklia)<\/em>, HikarIA : Etude et valorisation d&#8217;une collection de photographies anciennes du Japon par IA<\/li>\n<li><strong>15:10-15:30<\/strong> <em>Tiphaine Vacqu\u00e9 (Biblioth\u00e8que nationale de France)<\/em>, De l&#8217;exp\u00e9rimentation \u00e0 l&#8217;industrialisation : focus sur 4 projets IA \u00e0 la Biblioth\u00e8que nationale de France<\/li>\n<li><strong>15:30-15:45<\/strong> Questions<\/li>\n<\/ul>\n<p style=\"text-align: center;\">15:45-16:15 Pause caf\u00e9<\/p>\n<ul>\n<li><strong>16:15-16:35<\/strong> <em>Emmanuelle Delmas-Glas (Yale Center for British Art)<\/em> -en visioconf\u00e9rence-, Linked Art \u00e0 l&#8217;universit\u00e9 de Yale: un mod\u00e8le pour connecter les collections.<\/li>\n<li><strong>16:35-17:10<\/strong> Table ronde, Les enjeux de l\u2019intelligence artificielle (<em>tous les intervenants<\/em>)<br \/>\n<i>Mod\u00e9ration<\/i> <em>Aur\u00e9lien Conraux (Minist\u00e8re de la Culture)<\/em><\/li>\n<li><strong>17:10-17:30<\/strong> <em>Romain Delassus (Minist\u00e8re de la Culture)<\/em> Conclusion, perspectives<\/li>\n<\/ul>\n<p><em>NOTA: el evento ser\u00e1 presencial \u00fanicamente. Posteriormente estar\u00e1 disponible una grabaci\u00f3n.<\/em><\/p>\n<p>Para cualquier pregunta sobre el evento, favor de comunicarse con<br \/>\n<strong>Matthieu BONICEL<\/strong>, Museo de Orsay, miembro de CIDOC y responsable del desarrollo de la comunicaci\u00f3n con la comunidad franc\u00f3fona<br \/>\n<a href=\"mailto:matthieu.bonicel@musee-orsay.fr\">matthieu.bonicel@musee-orsay.fr<\/a><\/p>\n<p><a href=\"https:\/\/icom-documentation.mini.icom.museum\/wp-content\/uploads\/sites\/87\/2025\/01\/Programme-24-janvier-2025-CIDOC-ICOM.pdf\"><img decoding=\"async\" loading=\"lazy\" src=\"https:\/\/icom-documentation.mini.icom.museum\/wp-content\/uploads\/sites\/87\/2024\/12\/CIDOC-PARIS-JANUARY-2025-SAVE-THE-DATE--300x300.jpg\" alt=\"\" width=\"300\" height=\"300\" class=\"aligncenter size-medium wp-image-12461\" srcset=\"https:\/\/icom-documentation.mini.icom.museum\/wp-content\/uploads\/sites\/87\/2024\/12\/CIDOC-PARIS-JANUARY-2025-SAVE-THE-DATE--300x300.jpg 300w, https:\/\/icom-documentation.mini.icom.museum\/wp-content\/uploads\/sites\/87\/2024\/12\/CIDOC-PARIS-JANUARY-2025-SAVE-THE-DATE--1024x1024.jpg 1024w, https:\/\/icom-documentation.mini.icom.museum\/wp-content\/uploads\/sites\/87\/2024\/12\/CIDOC-PARIS-JANUARY-2025-SAVE-THE-DATE--150x150.jpg 150w, https:\/\/icom-documentation.mini.icom.museum\/wp-content\/uploads\/sites\/87\/2024\/12\/CIDOC-PARIS-JANUARY-2025-SAVE-THE-DATE--768x768.jpg 768w, https:\/\/icom-documentation.mini.icom.museum\/wp-content\/uploads\/sites\/87\/2024\/12\/CIDOC-PARIS-JANUARY-2025-SAVE-THE-DATE--1536x1536.jpg 1536w, https:\/\/icom-documentation.mini.icom.museum\/wp-content\/uploads\/sites\/87\/2024\/12\/CIDOC-PARIS-JANUARY-2025-SAVE-THE-DATE--400x400.jpg 400w, https:\/\/icom-documentation.mini.icom.museum\/wp-content\/uploads\/sites\/87\/2024\/12\/CIDOC-PARIS-JANUARY-2025-SAVE-THE-DATE--600x600.jpg 600w, https:\/\/icom-documentation.mini.icom.museum\/wp-content\/uploads\/sites\/87\/2024\/12\/CIDOC-PARIS-JANUARY-2025-SAVE-THE-DATE-.jpg 2000w\" sizes=\"(max-width: 300px) 100vw, 300px\" \/><\/a><\/p>\n","protected":false},"excerpt":{"rendered":"<p>El Comit\u00e9 Internacional de Documentaci\u00f3n (CIDOC), del ICOM, le invita a una jornada de estudio para descubrir, o redescubrir, los proyectos del Comit\u00e9, destinados a promover y potenciar el papel de la documentaci\u00f3n en los museos. Esta jornada, \u00edntegramente en franc\u00e9s, ser\u00e1 tambi\u00e9n una oportunidad para hacer un balance de la inteligencia artificial en el [&hellip;]<\/p>\n","protected":false},"author":119,"featured_media":0,"parent":700,"menu_order":1,"comment_status":"closed","ping_status":"closed","template":"","meta":{"footnotes":""},"yst_prominent_words":[86,84,89],"acf":[],"_links":{"self":[{"href":"https:\/\/icom-documentation.mini.icom.museum\/es\/wp-json\/wp\/v2\/pages\/12481"}],"collection":[{"href":"https:\/\/icom-documentation.mini.icom.museum\/es\/wp-json\/wp\/v2\/pages"}],"about":[{"href":"https:\/\/icom-documentation.mini.icom.museum\/es\/wp-json\/wp\/v2\/types\/page"}],"author":[{"embeddable":true,"href":"https:\/\/icom-documentation.mini.icom.museum\/es\/wp-json\/wp\/v2\/users\/119"}],"replies":[{"embeddable":true,"href":"https:\/\/icom-documentation.mini.icom.museum\/es\/wp-json\/wp\/v2\/comments?post=12481"}],"version-history":[{"count":7,"href":"https:\/\/icom-documentation.mini.icom.museum\/es\/wp-json\/wp\/v2\/pages\/12481\/revisions"}],"predecessor-version":[{"id":12553,"href":"https:\/\/icom-documentation.mini.icom.museum\/es\/wp-json\/wp\/v2\/pages\/12481\/revisions\/12553"}],"up":[{"embeddable":true,"href":"https:\/\/icom-documentation.mini.icom.museum\/es\/wp-json\/wp\/v2\/pages\/700"}],"wp:attachment":[{"href":"https:\/\/icom-documentation.mini.icom.museum\/es\/wp-json\/wp\/v2\/media?parent=12481"}],"wp:term":[{"taxonomy":"yst_prominent_words","embeddable":true,"href":"https:\/\/icom-documentation.mini.icom.museum\/es\/wp-json\/wp\/v2\/yst_prominent_words?post=12481"}],"curies":[{"name":"wp","href":"https:\/\/api.w.org\/{rel}","templated":true}]}}