{"id":12358,"date":"2024-10-24T06:45:02","date_gmt":"2024-10-24T06:45:02","guid":{"rendered":"http:\/\/icom-documentation.mini.icom.museum\/cidoc-newsletter-2023\/"},"modified":"2025-12-09T11:58:46","modified_gmt":"2025-12-09T11:58:46","slug":"cidoc-newsletter-2023","status":"publish","type":"page","link":"https:\/\/icom-documentation.mini.icom.museum\/es\/archivos\/boletines-anteriores\/cidoc-newsletter-2023\/","title":{"rendered":"Bolet\u00edn 2023"},"content":{"rendered":"<p>CIDOC es la fuente principal, experta y reconocida para la documentaci\u00f3n de museos. Somos una comunidad internacional de profesionales que trabajamos para promover las mejores pr\u00e1cticas en el campo. El bolet\u00edn anual de CIDOC es un espacio para presentar y discutir temas primordiales durante el a\u00f1o en torno a la documentaci\u00f3n, as\u00ed como un espacio para comunicar los principales eventos del comit\u00e9. Este a\u00f1o, estamos orgullosos de compartir con ustedes el Bolet\u00edn especial de CIDOC 2023.<\/p>\n<p>Este bolet\u00edn tiene una naturaleza diferente a los anteriores por tres razones principales. En primer lugar, muestra la nueva apariencia del comit\u00e9, con un s\u00f3lido equipo de comunicaci\u00f3n, responsable de supervisar su desarrollo y producci\u00f3n, en colaboraci\u00f3n con la biblioteca digital del ICOM. En segundo lugar, el bolet\u00edn est\u00e1 disponible en ingl\u00e9s, franc\u00e9s, espa\u00f1ol y \u00e1rabe. Esto representa un paso importante para que CIDOC llegue a su comunidad de habla \u00e1rabe, fortaleciendo nuestros esfuerzos de colaboraci\u00f3n para promover las mejores pr\u00e1cticas de documentaci\u00f3n a una comunidad m\u00e1s amplia, y a trav\u00e9s de una nueva l\u00ednea ling\u00fc\u00edstica. Tercero, el bolet\u00edn documenta las semillas plantadas durante la conferencia anual como el evento principal del a\u00f1o. <\/p>\n<p>Estas razones nos permitieron explorar un nuevo enfoque. Optamos por mostrar la Conferencia Anual CIDOC 2023, ya que fue una reuni\u00f3n fundamental para la comunidad CIDOC. Hemos sido testigos de una oleada de energ\u00eda que ha alimentado una serie de esfuerzos generados a partir de esta conferencia, que incluyen el desarrollo de una definici\u00f3n de documentaci\u00f3n de museo y conceptos clave asociados; la exploraci\u00f3n de las implicaciones de la IA en la documentaci\u00f3n por parte de los museos, y una mayor colaboraci\u00f3n dentro del comunidad iberoamericana, incluyendo una traducci\u00f3n al espa\u00f1ol de CIDOC-CRM, en curso.<\/p>\n<p>El Bolet\u00edn de CIDOC 2023 destaca, adem\u00e1s, varios aspectos de los esfuerzos de la Junta Directiva para avanzar en los objetivos estrat\u00e9gicos de 2023-2025, relacionados con la revisi\u00f3n del proceso de trabajo interno; la implementaci\u00f3n de la estrategia de comunicaci\u00f3n; el avance de los esfuerzos de divulgaci\u00f3n y creaci\u00f3n de redes, y el desarrollo de est\u00e1ndares de documentaci\u00f3n.<\/p>\n<p>Esperamos que disfrutes del Bolet\u00edn CIDOC 2023<\/p>\n<p><a href=\"https:\/\/icom.jlbinfo.info\/bibliotheque\/jlbWeb?html=Bur&amp;base=documentation&amp;ref=50346&amp;file=6532.pdf&amp;path=IC-CIDOC_Newsletter-2023_es.pdf\">ESPA\u00d1OL [PDF]<\/a>, (<a href=\"https:\/\/icom.jlbinfo.info\/bibliotheque\/jlbWeb?html=Pag&amp;page=Lnk&amp;ref=003AEF120A04780C92FF10B8AFE1805D\">ICOM Archive Record<\/a>)<\/p>\n<p><a href=\"https:\/\/icom.jlbinfo.info\/bibliotheque\/jlbWeb?html=Bur&amp;base=documentation&amp;ref=50344&amp;file=6530.pdf&amp;path=IC-CIDOC_Newsletter-2023_en.pdf\">INGL\u00c9S [PDF]<\/a>, (<a href=\"https:\/\/icom.jlbinfo.info\/bibliotheque\/jlbWeb?html=Pag&amp;page=Lnk&amp;ref=24B45A020BF614024E06460F13D363CE\">ICOM Archive Record<\/a>)<\/p>\n<p><a href=\"https:\/\/icom.jlbinfo.info\/bibliotheque\/jlbWeb?html=Bur&#038;base=documentation&#038;ref=50345&#038;file=6534.pdf&#038;path=IC-CIDOC_Newsletter-2023_FR.pdf\">FRANC\u00c9S [PDF]<\/a>, (<a href=\"https:\/\/icom.jlbinfo.info\/bibliotheque\/jlbWeb?html=Pag&amp;page=Lnk&amp;ref=BD6BA7DB16A5519314664591EFED6FB1\">ICOM Archive Record<\/a>)<\/p>\n<p><a href=\"https:\/\/icom.jlbinfo.info\/bibliotheque\/jlbWeb?html=Bur&amp;base=documentation&amp;ref=50347&amp;file=6533.pdf&amp;path=IC-CIDOC_Newsletter-2023_ar.pdf\">\u00c1RABE [PDF]<\/a>, (<a href=\"https:\/\/icom.jlbinfo.info\/bibliotheque\/jlbWeb?html=Pag&amp;page=Lnk&amp;ref=58D097410DBC522F8DFF5713F3D75FED\">ICOM Archive Record<\/a>)<\/p>\n<p><img decoding=\"async\" loading=\"lazy\" class=\"aligncenter size-medium wp-image-12351\" src=\"https:\/\/icom-documentation.mini.icom.museum\/wp-content\/uploads\/sites\/87\/2024\/10\/CIDOC2023_Mexico-300x200.jpg\" alt=\"\" width=\"600\" height=\"400\" srcset=\"https:\/\/icom-documentation.mini.icom.museum\/wp-content\/uploads\/sites\/87\/2024\/10\/CIDOC2023_Mexico-300x200.jpg 300w, https:\/\/icom-documentation.mini.icom.museum\/wp-content\/uploads\/sites\/87\/2024\/10\/CIDOC2023_Mexico-1024x683.jpg 1024w, https:\/\/icom-documentation.mini.icom.museum\/wp-content\/uploads\/sites\/87\/2024\/10\/CIDOC2023_Mexico-768x512.jpg 768w, https:\/\/icom-documentation.mini.icom.museum\/wp-content\/uploads\/sites\/87\/2024\/10\/CIDOC2023_Mexico-1536x1024.jpg 1536w, https:\/\/icom-documentation.mini.icom.museum\/wp-content\/uploads\/sites\/87\/2024\/10\/CIDOC2023_Mexico.jpg 1875w\" sizes=\"(max-width: 600px) 100vw, 600px\" \/><\/p>\n<p style=\"text-align: center;\"><a href=\"https:\/\/drive.google.com\/file\/d\/1GSvebOs0WSlaJ3N7gG_Vxn7GfZM9EdXZ\/view?usp=drive_link\">GALER\u00cdA DE FOTOS, DESCARGA EPUB<\/a><\/p>\n","protected":false},"excerpt":{"rendered":"<p>CIDOC es la fuente principal, experta y reconocida para la documentaci\u00f3n de museos. Somos una comunidad internacional de profesionales que trabajamos para promover las mejores pr\u00e1cticas en el campo. El bolet\u00edn anual de CIDOC es un espacio para presentar y discutir temas primordiales durante el a\u00f1o en torno a la documentaci\u00f3n, as\u00ed como un espacio [&hellip;]<\/p>\n","protected":false},"author":119,"featured_media":12353,"parent":1135,"menu_order":0,"comment_status":"closed","ping_status":"closed","template":"","meta":{"footnotes":""},"yst_prominent_words":[1646,297],"acf":[],"_links":{"self":[{"href":"https:\/\/icom-documentation.mini.icom.museum\/es\/wp-json\/wp\/v2\/pages\/12358"}],"collection":[{"href":"https:\/\/icom-documentation.mini.icom.museum\/es\/wp-json\/wp\/v2\/pages"}],"about":[{"href":"https:\/\/icom-documentation.mini.icom.museum\/es\/wp-json\/wp\/v2\/types\/page"}],"author":[{"embeddable":true,"href":"https:\/\/icom-documentation.mini.icom.museum\/es\/wp-json\/wp\/v2\/users\/119"}],"replies":[{"embeddable":true,"href":"https:\/\/icom-documentation.mini.icom.museum\/es\/wp-json\/wp\/v2\/comments?post=12358"}],"version-history":[{"count":7,"href":"https:\/\/icom-documentation.mini.icom.museum\/es\/wp-json\/wp\/v2\/pages\/12358\/revisions"}],"predecessor-version":[{"id":12975,"href":"https:\/\/icom-documentation.mini.icom.museum\/es\/wp-json\/wp\/v2\/pages\/12358\/revisions\/12975"}],"up":[{"embeddable":true,"href":"https:\/\/icom-documentation.mini.icom.museum\/es\/wp-json\/wp\/v2\/pages\/1135"}],"wp:featuredmedia":[{"embeddable":true,"href":"https:\/\/icom-documentation.mini.icom.museum\/es\/wp-json\/wp\/v2\/media\/12353"}],"wp:attachment":[{"href":"https:\/\/icom-documentation.mini.icom.museum\/es\/wp-json\/wp\/v2\/media?parent=12358"}],"wp:term":[{"taxonomy":"yst_prominent_words","embeddable":true,"href":"https:\/\/icom-documentation.mini.icom.museum\/es\/wp-json\/wp\/v2\/yst_prominent_words?post=12358"}],"curies":[{"name":"wp","href":"https:\/\/api.w.org\/{rel}","templated":true}]}}