{"id":12346,"date":"2024-10-21T12:45:34","date_gmt":"2024-10-21T12:45:34","guid":{"rendered":"http:\/\/icom-documentation.mini.icom.museum\/cidoc-2024-international-conference\/"},"modified":"2025-07-07T11:36:56","modified_gmt":"2025-07-07T11:36:56","slug":"2024-amsterdam","status":"publish","type":"page","link":"https:\/\/icom-documentation.mini.icom.museum\/es\/archivos\/conferencias_pasadas\/2024-amsterdam\/","title":{"rendered":"\u00c1msterdam 2024"},"content":{"rendered":"<h1>Conexiones sostenibles: construcci\u00f3n de redes de conocimiento<\/h1>\n<pre>Rijksmuseum, \u00c1msterdam, Pa\u00edses Bajos\r\nnoviembre 11-15<\/pre>\n<p>Todo est\u00e1 conectado. Las historias que cuentan las colecciones de los museos conectan a las personas con ideas y eventos en todo el mundo. Las pr\u00e1cticas de investigaci\u00f3n y documentaci\u00f3n se traducen cada vez m\u00e1s en colaboraciones entre instituciones, comunidades y diversas partes interesadas. Ahora, m\u00e1s que nunca, las redes de conocimiento tambi\u00e9n se construyen en el espacio digital. Las conexiones sostenibles son, por tanto, el tema de la conferencia CIDOC 2024, que se celebrar\u00e1 en el Rijksmuseum de \u00c1msterdam, del 11 al 15 de noviembre de 2024.<\/p>\n<p><em>Conexiones sostenibles: creaci\u00f3n de redes de conocimiento<\/em> subraya el papel fundamental de la conectividad y la colaboraci\u00f3n en el avance de la documentaci\u00f3n de los museos y el intercambio de conocimientos.<\/p>\n<p>Esta conferencia explora los esfuerzos para facilitar la (re)utilizaci\u00f3n de la informaci\u00f3n de las colecciones (que var\u00edan en alcance, contenido, geograf\u00eda y tema) y adopta las lecciones aprendidas del desarrollo de redes de conocimiento sociales, anal\u00f3gicas o digitales, con el fin de inspirar, expandir y conectar este trabajo.<\/p>\n<p><img decoding=\"async\" loading=\"lazy\" class=\"alignright size-medium wp-image-12338\" src=\"https:\/\/icom-documentation.mini.icom.museum\/wp-content\/uploads\/sites\/87\/2024\/10\/1728682628728-300x174.jpg\" alt=\"\" width=\"300\" height=\"174\" srcset=\"https:\/\/icom-documentation.mini.icom.museum\/wp-content\/uploads\/sites\/87\/2024\/10\/1728682628728-300x174.jpg 300w, https:\/\/icom-documentation.mini.icom.museum\/wp-content\/uploads\/sites\/87\/2024\/10\/1728682628728-768x445.jpg 768w, https:\/\/icom-documentation.mini.icom.museum\/wp-content\/uploads\/sites\/87\/2024\/10\/1728682628728.jpg 800w\" sizes=\"(max-width: 300px) 100vw, 300px\" \/><\/p>\n<p><a href=\"https:\/\/www.rijksmuseum.nl\/asset\/download\/1e533571-21a7-46ec-bc8d-1bd3fa806fde\/Conference Program_latest update.pdf?c=4366d73b8e80109242c3c7d63ef9264d02c325d6050f6e75bf2024b4ecbdf23f\">PROGRAMA<\/a><br \/>\n<a href=\"https:\/\/www.rijksmuseum.nl\/asset\/download\/01ef7f4c-ba34-45c2-b5d9-3e556186eab6\/CIDOC_Activities Programme.pdf?c=f33e99464bec4e8b1cdb75425441c6b3cffe94859a5393276812d1b6ce00871d\">ACTIVIDADES<\/a><br \/>\n<a href=\"https:\/\/netwerkdigitaalerfgoed.nl\/hackalod\/\">HACKALOD<\/a><\/p>\n<h2>TALLERES<\/h2>\n<ol>\n<li>\n<h3>Documentaci\u00f3n inclusiva para las colecciones del patrimonio cultural<\/h3>\n<p>El taller se divide en dos sesiones pr\u00e1cticas. En la primera, los participantes reconstruir\u00e1n la historia de un objeto del patrimonio cultural. La segunda sesi\u00f3n invita a los participantes a una actividad pr\u00e1ctica, demostrando c\u00f3mo la documentaci\u00f3n de la colecci\u00f3n del museo puede incorporar diversas voces.<br \/>\nHaga clic para m\u00e1s informaci\u00f3n.<\/li>\n<li>\n<h3>Un enfoque cr\u00edtico para el uso del modelado de CIDOC CRM y el dise\u00f1o de la base de conocimientos<\/h3>\n<p>El curso, de un d\u00eda, proporciona una comprensi\u00f3n hol\u00edstica, transdisciplinaria y pr\u00e1ctica del CIDOC CRM y proporciona los principios te\u00f3ricos y metodol\u00f3gicos por medio de estudios de caso reales; proporciona instrucci\u00f3n pr\u00e1ctica y describe un nuevo enfoque para estructurar la documentaci\u00f3n contextual; presenta herramientas simples y respalda el argumento organizacional para la transferencia de sistemas de bases de datos a sistemas de grafos.<\/li>\n<li>\n<h3>Jornada de capacitaci\u00f3n en documentaci\u00f3n<\/h3>\n<p>Las sesiones cubrir\u00e1n algunos aspectos fundamentales y pr\u00e1cticos \u2013 la importancia de la documentaci\u00f3n de los museos, la evaluaci\u00f3n y mejora de la calidad de la documentaci\u00f3n, el establecimiento de prioridades \u2013 as\u00ed como desarrollos recientes como el est\u00e1ndar EODEM. Adem\u00e1s, para cualquiera interesado en involucrarse m\u00e1s, habr\u00e1 un taller especial sobre c\u00f3mo convertirse en capacitador CIDOC.<\/li>\n<li>\n<h3>Dise\u00f1o de est\u00e1ndares. Taller CIDOC sobre el registro del patrimonio inmaterial: retroalimentaci\u00f3n y desarrollo colaborativo<\/h3>\n<p>La publicaci\u00f3n <em>An application profile for recording ICH in museums&#8217; collection management systems<\/em> se present\u00f3 durante la conferencia CIDOC 2023 del a\u00f1o pasado. \u00bfQu\u00e9 ha cambiado desde entonces? Durante esta mesa redonda debatimos el camino a seguir para lograr procesos de trabajo en los museos que equilibre la estandarizaci\u00f3n de la informaci\u00f3n con el car\u00e1cter din\u00e1mico del patrimonio inmaterial.<\/li>\n<li>\n<h3>Mesa redonda: definici\u00f3n de &#8216;documentaci\u00f3n de museo&#8217;<\/h3>\n<p>El Grupo de Trabajo para la Definici\u00f3n de Documentaci\u00f3n de Museos convoca este taller para recopilar opiniones del p\u00fablico sobre el borrador final de la definici\u00f3n (V.I) y los materiales publicados que aborden las cuestiones relacionadas con c\u00f3mo se define y se practica la documentaci\u00f3n de museos en la actualidad. Se invita a todos a compartir su voz y aportar su experiencia a este proyecto.<\/li>\n<li>\n<h3>Sea abierto con GLAM-E Lab: c\u00f3mo crear sus propias pol\u00edticas y flujos de trabajo de acceso abierto<\/h3>\n<p>Taller de un d\u00eda completo, centrado en apoyar la participaci\u00f3n abierta de GLAM entre los poseedores peque\u00f1os de colecciones con el fin de identificar y preparar colecciones digitales para su publicaci\u00f3n en Wikimedia Commons, utilizando la licencia de Dominio P\u00fablico Universal CC0 1.0. Gu\u00eda a los participantes a trav\u00e9s de las herramientas, pol\u00edticas y recursos gratuitos creados por el Laboratorio GLAM-E de la Universidad de Exeter.<br \/>\n<a href=\"https:\/\/docs.google.com\/document\/d\/1UqJNzS_yzaldz_rG4BcHPRlKoaSC-vZmTxCuyFG0qro\/edit?pli=1&amp;tab=t.0#heading=h.6fc9yerif7ju\">Haga clic para m\u00e1s informaci\u00f3n.<\/a>.<\/li>\n<li>\n<h3>CRM archaeo: l\u00edmites y alcances de su implementaci\u00f3n<\/h3>\n<p>Esta reuni\u00f3n se centrar\u00e1 en discutir la documentaci\u00f3n del patrimonio arqueol\u00f3gico utilizando la extensi\u00f3n CRM Archaeo, su forma actual y su potencial extensi\u00f3n. La sesi\u00f3n retoma y contin\u00faa con el di\u00e1logo del panel realizado durante la conferencia anual CIDOC 2023 entre arque\u00f3logos y especialistas en patrimonio cultural arqueol\u00f3gico de Egipto, Per\u00fa y M\u00e9xico.<br \/>\n<a href=\"https:\/\/docs.google.com\/document\/d\/1ZJ9j6xpGnXiIg2UmI5XsvnsSwH7K5usbKu5q0dF0D7k\/edit?usp=sharing\">Haga clic para m\u00e1s informaci\u00f3n.<\/a>.<\/li>\n<li>\n<h3>Grupo de traducci\u00f3n de CIDOC CRM<\/h3>\n<p>En esta reuni\u00f3n se presentar\u00e1n los avances de la traducci\u00f3n al espa\u00f1ol de CIDOC CRM al CRM SIG; se invitar\u00e1n a nuevos colaboradores; se recibir\u00e1 retroalimentaci\u00f3n y se seguir\u00e1 consolidando el programa de trabajo y el equipo. Primera hora en espa\u00f1ol, segunda hora en ingl\u00e9s.<br \/>\n<a href=\"https:\/\/docs.google.com\/document\/d\/1xivRVo6IqEX0E-B121j_csc4WClGgt7-bjjmC4KKuRs\/edit?usp=sharing\">Haga clic para m\u00e1s informaci\u00f3n.<\/a>.<\/li>\n<li>\n<h3>LIDO para principiantes<\/h3>\n<p>Lightweight Information Describing Objects (LIDO) se ha convertido en un formato est\u00e1ndar establecido para el intercambio de datos, particularmente para colecciones de patrimonio cultural, el cual aporta datos sobre sus fondos a la Biblioteca Digital Alemana y a Europeana. El taller presenta los principios y las estructuras b\u00e1sicas de LIDO v1.1, y proporciona una descripci\u00f3n general de los materiales y herramientas.<\/li>\n<li>\n<h3>Perfil de Arquitectura de LIDO y otras obras inmuebles: an\u00e1lisis profundo<\/h3>\n<p>El nuevo perfil de aplicaci\u00f3n LIDO para arquitectura y otras obras inmobiliarias aborda los requisitos espec\u00edficos de documentaci\u00f3n de este tipo de objeto, que est\u00e1 particularmente sujeto a cambios hist\u00f3ricos y suele tener ricas referencias a otros objetos. La segunda parte de la charla presenta la ampliaci\u00f3n de la terminolog\u00eda de tipo de evento LIDO, que es necesaria para representar los diversos eventos espec\u00edficos durante la existencia de un edificio de manera matizada.<\/li>\n<li>\n<h3>REUNI\u00d3N DEL GRUPO DE TRABAJO DE CIDOC LIDO<\/h3>\n<p>Reuni\u00f3n del Grupo de Trabajo de LIDO, abierto a todo p\u00fablico.<\/li>\n<li>\n<h3>Linked Art: datos vinculados de patrimonio cultural<\/h3>\n<p><em>Linked Art<\/em> es un perfil de aplicaci\u00f3n de metadatos de las extensiones CIDOC CRM plus, cuyo objetivo es mejorar la interoperabilidad y la usabilidad, reconociendo patrones comunes y brindando orientaci\u00f3n sobre formatos, delimitando el alcance y facilitando la interacci\u00f3n con los datos. El taller est\u00e1 dirigido a principiantes y especialistas de datos. Traiga una computadora port\u00e1til u otro dispositivo similar y conocimiento de una obra de arte favorita para modelar, y su curiosidad.<\/li>\n<li>\n<h3>Modelado de datos sem\u00e1nticos de referencia: documentaci\u00f3n y reutilizaci\u00f3n de patrones de datos sem\u00e1nticos para redes de datos sem\u00e1nticos sostenibles<\/h3>\n<p>Este taller presentar\u00e1 el trabajo de la Swiss Art Research Infrastructure (SARI), junto con Takin.solutions, sobre la creaci\u00f3n de una metodolog\u00eda y un est\u00e1ndar para la creaci\u00f3n de datos sem\u00e1nticos sostenibles mediante la documentaci\u00f3n y la reutilizaci\u00f3n de patrones de datos sem\u00e1nticos.<\/li>\n<\/ol>\n<p><a href=\"https:\/\/www.rijksmuseum.nl\/asset\/download\/bf75e417-9b66-42a7-888c-58495d1e4876\/CIDOC_workshop program_.pdf?c=95cd5c1391c0718fd4d169b971bbf0b7043eb98f29ba16dc7dc054d597d58cd8\">Informaci\u00f3n completa sobre el programa y los talleres<\/a><\/p>\n<p><img decoding=\"async\" loading=\"lazy\" class=\"aligncenter size-medium wp-image-12341\" src=\"https:\/\/icom-documentation.mini.icom.museum\/wp-content\/uploads\/sites\/87\/2024\/10\/1726341097306-300x125.jpg\" alt=\"\" width=\"600\" height=\"250\" srcset=\"https:\/\/icom-documentation.mini.icom.museum\/wp-content\/uploads\/sites\/87\/2024\/10\/1726341097306-300x125.jpg 300w, https:\/\/icom-documentation.mini.icom.museum\/wp-content\/uploads\/sites\/87\/2024\/10\/1726341097306.jpg 696w\" sizes=\"(max-width: 600px) 100vw, 600px\" \/><\/p>\n<h2>Comit\u00e9 del programa<\/h2>\n<p>Edward Anderson (Rijksmuseum)<br \/>\nAdele Barbato (Fine Arts Museums of San Francisco)<br \/>\nGeorge Bruseker (Takin.solutions)<br \/>\nChris Dijkshoorn (Rijksmuseum)<br \/>\nAntoine Isaac (Europeana)<br \/>\nEnno Meijers (National Library of the Netherlands \/ Dutch Digital Heritage Network)<br \/>\nTrilce Navarrete (Erasmus University Rotterdam)<br \/>\nLynn Rother (Leuphana University L\u00fcneburg)<br \/>\nSaskia Scheltjens (Rijksmuseum)<\/p>\n<h2>Comit\u00e9 Organizador Local del Rijksmuseum<\/h2>\n<p>Mercia Kerkhof<br \/>\nJeroen de Meester<br \/>\nDigna van Nielen<br \/>\nAnnepiet Nouwen<br \/>\nFricke Oosten<br \/>\nSandra Pastoor<br \/>\nCoen Wilders (presidente)<\/p>\n<h2>Contacto<\/h2>\n<p>CIDOC24@rijksmuseum.nl<\/p>\n<p><strong>Hashtag de la conferencia<\/strong>: #CIDOC2024<\/p>\n<p><a href=\"https:\/\/icom-documentation.mini.icom.museum\/wp-content\/uploads\/sites\/87\/2024\/12\/54136059503_3bfc030ee8_o-scaled.jpg\"><img decoding=\"async\" loading=\"lazy\" class=\"aligncenter size-medium wp-image-12519\" src=\"https:\/\/icom-documentation.mini.icom.museum\/wp-content\/uploads\/sites\/87\/2024\/12\/54136059503_3bfc030ee8_o-300x185.jpg\" alt=\"\" width=\"600\" height=\"370\" srcset=\"https:\/\/icom-documentation.mini.icom.museum\/wp-content\/uploads\/sites\/87\/2024\/12\/54136059503_3bfc030ee8_o-300x185.jpg 300w, https:\/\/icom-documentation.mini.icom.museum\/wp-content\/uploads\/sites\/87\/2024\/12\/54136059503_3bfc030ee8_o-1024x632.jpg 1024w, https:\/\/icom-documentation.mini.icom.museum\/wp-content\/uploads\/sites\/87\/2024\/12\/54136059503_3bfc030ee8_o-768x474.jpg 768w, https:\/\/icom-documentation.mini.icom.museum\/wp-content\/uploads\/sites\/87\/2024\/12\/54136059503_3bfc030ee8_o-1536x948.jpg 1536w, https:\/\/icom-documentation.mini.icom.museum\/wp-content\/uploads\/sites\/87\/2024\/12\/54136059503_3bfc030ee8_o-2048x1264.jpg 2048w\" sizes=\"(max-width: 600px) 100vw, 600px\" \/><\/a><\/p>\n","protected":false},"excerpt":{"rendered":"<p>Conexiones sostenibles: construcci\u00f3n de redes de conocimiento Rijksmuseum, \u00c1msterdam, Pa\u00edses Bajos noviembre 11-15 Todo est\u00e1 conectado. Las historias que cuentan las colecciones de los museos conectan a las personas con ideas y eventos en todo el mundo. Las pr\u00e1cticas de investigaci\u00f3n y documentaci\u00f3n se traducen cada vez m\u00e1s en colaboraciones entre instituciones, comunidades y diversas [&hellip;]<\/p>\n","protected":false},"author":119,"featured_media":0,"parent":1132,"menu_order":0,"comment_status":"closed","ping_status":"closed","template":"","meta":{"footnotes":""},"yst_prominent_words":[84,159,297,1535,1805],"acf":[],"_links":{"self":[{"href":"https:\/\/icom-documentation.mini.icom.museum\/es\/wp-json\/wp\/v2\/pages\/12346"}],"collection":[{"href":"https:\/\/icom-documentation.mini.icom.museum\/es\/wp-json\/wp\/v2\/pages"}],"about":[{"href":"https:\/\/icom-documentation.mini.icom.museum\/es\/wp-json\/wp\/v2\/types\/page"}],"author":[{"embeddable":true,"href":"https:\/\/icom-documentation.mini.icom.museum\/es\/wp-json\/wp\/v2\/users\/119"}],"replies":[{"embeddable":true,"href":"https:\/\/icom-documentation.mini.icom.museum\/es\/wp-json\/wp\/v2\/comments?post=12346"}],"version-history":[{"count":6,"href":"https:\/\/icom-documentation.mini.icom.museum\/es\/wp-json\/wp\/v2\/pages\/12346\/revisions"}],"predecessor-version":[{"id":12744,"href":"https:\/\/icom-documentation.mini.icom.museum\/es\/wp-json\/wp\/v2\/pages\/12346\/revisions\/12744"}],"up":[{"embeddable":true,"href":"https:\/\/icom-documentation.mini.icom.museum\/es\/wp-json\/wp\/v2\/pages\/1132"}],"wp:attachment":[{"href":"https:\/\/icom-documentation.mini.icom.museum\/es\/wp-json\/wp\/v2\/media?parent=12346"}],"wp:term":[{"taxonomy":"yst_prominent_words","embeddable":true,"href":"https:\/\/icom-documentation.mini.icom.museum\/es\/wp-json\/wp\/v2\/yst_prominent_words?post=12346"}],"curies":[{"name":"wp","href":"https:\/\/api.w.org\/{rel}","templated":true}]}}