{"id":12151,"date":"2024-06-05T13:30:51","date_gmt":"2024-06-05T13:30:51","guid":{"rendered":"http:\/\/icom-documentation.mini.icom.museum\/?page_id=12151"},"modified":"2024-06-07T05:33:11","modified_gmt":"2024-06-07T05:33:11","slug":"ciclo-de-seminarios-web-cidoc-friday-documentacion-de-imagenes","status":"publish","type":"page","link":"https:\/\/icom-documentation.mini.icom.museum\/es\/ciclo-de-seminarios-web-cidoc-friday-documentacion-de-imagenes\/","title":{"rendered":"Ciclo de seminarios web \u201cCIDOC FRIDAY\u201d"},"content":{"rendered":"<p>CIDOC e ICOM Georgia se acercan a la comunidad del ICOM para discutir y recopilar experiencias de mejores pr\u00e1cticas en el campo. El \u00faltimo viernes del mes, expertos en documentaci\u00f3n presentar\u00e1n las herramientas y sistemas para abordar estas cuestiones e interactuar con los profesionales de los museos.<\/p>\n<h2>Serie Documentaci\u00f3n de im\u00e1genes<\/h2>\n<p>La documentaci\u00f3n de las colecciones de los museos puede parecer sencilla cuando se consideran las caracter\u00edsticas f\u00edsicas del objeto, como el tama\u00f1o y el material. Sin embargo, la documentaci\u00f3n tambi\u00e9n requiere informaci\u00f3n contextual, as\u00ed como la necesaria para ubicar al objeto en el marco de conocimiento en el que opera el museo. As\u00ed, un objeto puede tener dos fichas de documentaci\u00f3n diferentes de acuerdo con la naturaleza del recinto que lo alberga. Adem\u00e1s, surge una capa de complejidad cuando estos objetos tienen una imagen, ya que el objeto se convierte en el portador del contenido mostrado.<br \/>\nEsta serie de seminarios web analizar\u00e1 la documentaci\u00f3n de fotograf\u00edas y videos para explorar las diversas capas de documentaci\u00f3n, as\u00ed como las herramientas y los est\u00e1ndares disponibles. En cada una de las tres sesiones, expertos en documentaci\u00f3n presentar\u00e1n casos para explicar las soluciones para abordar estas complejidades.<\/p>\n<h2><strong>Fotograf\u00edas y Videos<\/strong><\/h2>\n<h3><strong>\u00bfQu\u00e9?<\/strong><\/h3>\n<p>Algunos elementos de la colecci\u00f3n representan im\u00e1genes. \u00bfC\u00f3mo abordar la documentaci\u00f3n para capturar el objeto, la imagen representada en un soporte f\u00edsico (un objeto de informaci\u00f3n) y la imagen real dentro del objeto (el sujeto)?<\/p>\n<h3><strong>\u00bfOriginal o copia?<\/strong><\/h3>\n<p>En el caso de los art\u00edculos de colecci\u00f3n que tienen m\u00faltiplos, en los que las copias son inherentes al medio, \u00bfc\u00f3mo se puede documentar la emisi\u00f3n de la copia y el original?<\/p>\n<h3><strong>\u00bfC\u00f3mo\/Qu\u00e9 conservar?<\/strong><\/h3>\n<p>Cuando los objetos contienen im\u00e1genes, como pel\u00edculas o negativos, el medio puede desintegrarse, pero la imagen puede migrar o emularse en un soporte diferente. \u00bfC\u00f3mo puede la documentaci\u00f3n reflejar esta transferencia, haciendo que las im\u00e1genes est\u00e9n disponibles y documentando la informaci\u00f3n sobre su soporte original?<\/p>\n<h3><strong>\u00bfPreservaci\u00f3n digital?<\/strong><\/h3>\n<p>La documentaci\u00f3n es clave en el proceso de preservaci\u00f3n. \u00bfQu\u00e9 tipo de informaci\u00f3n es \u00fatil documentar para la preservaci\u00f3n de colecciones digitales, como los nuevos soportes emergentes utilizados para preservar im\u00e1genes pasadas?<\/p>\n<p>&nbsp;<\/p>\n<p>El ciclo tuvo una duraci\u00f3n de tres sesiones:<\/p>\n<ul>\n<li>Cuestiones generales de documentaci\u00f3n de im\u00e1genes: 22 de marzo de 2024<\/li>\n<li>Herramientas y est\u00e1ndares disponibles: 26 de abril de 2024<\/li>\n<li>Retos digitales: 26 de mayo de 2026<\/li>\n<\/ul>\n<p>Los seminarios web tuvieron lugar v\u00eda zoom de 17.00 a 18.00 CET. <a href=\"https:\/\/www.youtube.com\/playlist?list=PLFIc-wDuHCSrz5XIv8Y4GiDA4vMlGEjGR\">Mira las sesiones aqu\u00ed<\/a>.<\/p>\n<p><!--more--><\/p>\n<hr \/>\n<h2><strong>22.03.2024 \u2013 Introducci\u00f3n general a la documentaci\u00f3n de im\u00e1genes.<\/strong><\/h2>\n<pre><img decoding=\"async\" loading=\"lazy\" class=\"alignleft size-full wp-image-11982\" src=\"https:\/\/icom-documentation.mini.icom.museum\/wp-content\/uploads\/sites\/87\/2024\/03\/Dominic_Oldman.png\" alt=\"Dominic Oldman\" width=\"120\" height=\"120\" \/>\r\n<strong>Dominic Oldman\r\n<em>director de Kartograf\u00eda CIC<\/em><\/strong>\r\n<\/pre>\n<p>Antes de documentar fotos y videos, es crucial prestar atenci\u00f3n al viejo adagio: \u201cMide dos veces, corta una vez\u201d. En otras palabras, una cuidadosa consideraci\u00f3n y planificaci\u00f3n de antemano puede evitar errores y garantizar una documentaci\u00f3n precisa.<\/p>\n<p>En nuestro seminario, profundizaremos en los fundamentos de la documentaci\u00f3n de materiales audiovisuales, abordando diversas cuestiones en el proceso. Una de esas preguntas se refiere a la esencia de lo que constituye el objeto en los medios visuales: \u00bfes el portador f\u00edsico o el contenido que contiene? \u00bfDeber\u00edamos centrarnos en documentar la imagen retratada o la forma tangible, como la fotograf\u00eda, la diapositiva de vidrio, etc\u00e9tera? \u00bfC\u00f3mo se define si el objeto es original o la copia? \u00bfY c\u00f3mo puede el soporte de documentaci\u00f3n responder a todas estas preguntas?<\/p>\n<p>&nbsp;<\/p>\n<p><iframe loading=\"lazy\" width=\"560\" height=\"315\" src=\"https:\/\/www.youtube.com\/embed\/IX8BeUozzLs?si=axbDS8UpmfKhqVk7&amp;start=23\" title=\"YouTube video player\" frameborder=\"0\" allow=\"accelerometer; autoplay; clipboard-write; encrypted-media; gyroscope; picture-in-picture; web-share\" referrerpolicy=\"strict-origin-when-cross-origin\" allowfullscreen><\/iframe><\/p>\n<hr \/>\n<h2><strong>26.04.2024 \u2013 Herramientas y est\u00e1ndares disponibles<\/strong><\/h2>\n<pre><img decoding=\"async\" loading=\"lazy\" class=\"alignleft size-full wp-image-11985\" src=\"https:\/\/icom-documentation.mini.icom.museum\/wp-content\/uploads\/sites\/87\/2024\/03\/Jonathan_Ward.png\" alt=\"Jonathan Ward\" width=\"120\" height=\"120\" \/>\r\n<strong>Jonathan Ward\r\n<em>Editor senior, J.P. Getty Trust<\/em>\r\n\r\nEmmanuelle Delmas-Glass\r\n<em>Head of Collections Information Access,\r\nYale Centre for British Art<\/em><\/strong>\r\n<\/pre>\n<p>Cuando surgen preguntas sobre la documentaci\u00f3n de materiales audiovisuales, \u00bfa d\u00f3nde acuden los profesionales de los museos para obtener una orientaci\u00f3n concisa y eficaz?<\/p>\n<p>\u00danase a nosotros mientras los expertos de Getty y el Centro de Arte Brit\u00e1nico de Yale comparten recursos esenciales para contribuir a los esfuerzos de documentaci\u00f3n. Obtenga acceso a las herramientas m\u00e1s cortas y efectivas disponibles, con el conocimiento y las habilidades necesarias para navegar por las complejidades de la documentaci\u00f3n de material audiovisual con confianza.<\/p>\n<p><iframe loading=\"lazy\" width=\"560\" height=\"315\" src=\"https:\/\/www.youtube.com\/embed\/-epAr54x9zI?si=2KF60d_k_dqy9U6v\" title=\"YouTube video player\" frameborder=\"0\" allow=\"accelerometer; autoplay; clipboard-write; encrypted-media; gyroscope; picture-in-picture; web-share\" referrerpolicy=\"strict-origin-when-cross-origin\" allowfullscreen><\/iframe><\/p>\n<hr \/>\n<h2><strong>31.05.2024 \u2013 Retos digitales: 3D, AR, VR, IA, copias digitales&#8230; Cuestiones legales, de autenticidad y de otro tipo<\/strong><\/h2>\n<pre>\r\n<img decoding=\"async\" loading=\"lazy\" class=\"alignleft size-full wp-image-12124\" src=\"https:\/\/icom-documentation.mini.icom.museum\/wp-content\/uploads\/sites\/87\/2024\/04\/Diane_Zorich.jpg\" alt=\"Diane Zorich\" width=\"120\" height=\"120\" srcset=\"https:\/\/icom-documentation.mini.icom.museum\/wp-content\/uploads\/sites\/87\/2024\/04\/Diane_Zorich.jpg 180w, https:\/\/icom-documentation.mini.icom.museum\/wp-content\/uploads\/sites\/87\/2024\/04\/Diane_Zorich-150x150.jpg 150w\" sizes=\"(max-width: 120px) 100vw, 120px\" \/>\r\n<strong>Diane Zorich\r\n\r\n<em>Director\r\nDigitization Program Office at Smithsonian Institution<\/em><\/strong>\r\n<\/pre>\n<pre>\r\n<img decoding=\"async\" loading=\"lazy\" class=\"alignleft size-full wp-image-11988\" src=\"https:\/\/icom-documentation.mini.icom.museum\/wp-content\/uploads\/sites\/87\/2024\/03\/Frank_von_Hagel.png\" alt=\"Frank von Hagel\" width=\"120\" height=\"120\" \/>\r\n<strong>Frank von Hagel\r\n\r\n<em>Asistente de Investigaci\u00f3n,\r\nInstituto de Investigaci\u00f3n de Museos SPK<\/em><\/strong>\r\n<\/pre>\n<p>En la era digital actual, los museos adoptan cada vez m\u00e1s el \u00e1mbito digital dentro de sus colecciones. Con la proliferaci\u00f3n de objetos digitales en sus repositorios, los museos se enfrentan a desaf\u00edos \u00fanicos, especialmente en lo que respecta a los materiales de gran tama\u00f1o, las soluciones de almacenamiento y el archivo a largo plazo.<br \/>\nEn este seminario, exploramos estrategias para administrar y preservar de manera efectiva los activos digitales. En concreto, abordaremos las complejidades de documentar im\u00e1genes digitales en 3D, la realidad aumentada (RA), la realidad virtual (RV) y trataremos de buscar la soluci\u00f3n en lo que respecta a la IA. Juntos trataremos de definir estos desaf\u00edos e identificar las v\u00edas de soluci\u00f3n m\u00e1s prometedoras en el panorama de las colecciones digitales de los museos.<\/p>\n<p><iframe loading=\"lazy\" width=\"560\" height=\"315\" src=\"https:\/\/www.youtube.com\/embed\/hvqIp7-HdL8?si=tAxaeIkera8M92pr\" title=\"YouTube video player\" frameborder=\"0\" allow=\"accelerometer; autoplay; clipboard-write; encrypted-media; gyroscope; picture-in-picture; web-share\" referrerpolicy=\"strict-origin-when-cross-origin\" allowfullscreen><\/iframe><\/p>\n","protected":false},"excerpt":{"rendered":"<p>CIDOC e ICOM Georgia se acercan a la comunidad del ICOM para discutir y recopilar experiencias de mejores pr\u00e1cticas en el campo. El \u00faltimo viernes del mes, expertos en documentaci\u00f3n presentar\u00e1n las herramientas y sistemas para abordar estas cuestiones e interactuar con los profesionales de los museos. Serie Documentaci\u00f3n de im\u00e1genes La documentaci\u00f3n de las [&hellip;]<\/p>\n","protected":false},"author":119,"featured_media":0,"parent":0,"menu_order":0,"comment_status":"closed","ping_status":"closed","template":"","meta":{"footnotes":""},"yst_prominent_words":[2100,299,1539,1537,208,297,1535,1607,1547],"acf":[],"_links":{"self":[{"href":"https:\/\/icom-documentation.mini.icom.museum\/es\/wp-json\/wp\/v2\/pages\/12151"}],"collection":[{"href":"https:\/\/icom-documentation.mini.icom.museum\/es\/wp-json\/wp\/v2\/pages"}],"about":[{"href":"https:\/\/icom-documentation.mini.icom.museum\/es\/wp-json\/wp\/v2\/types\/page"}],"author":[{"embeddable":true,"href":"https:\/\/icom-documentation.mini.icom.museum\/es\/wp-json\/wp\/v2\/users\/119"}],"replies":[{"embeddable":true,"href":"https:\/\/icom-documentation.mini.icom.museum\/es\/wp-json\/wp\/v2\/comments?post=12151"}],"version-history":[{"count":4,"href":"https:\/\/icom-documentation.mini.icom.museum\/es\/wp-json\/wp\/v2\/pages\/12151\/revisions"}],"predecessor-version":[{"id":12171,"href":"https:\/\/icom-documentation.mini.icom.museum\/es\/wp-json\/wp\/v2\/pages\/12151\/revisions\/12171"}],"wp:attachment":[{"href":"https:\/\/icom-documentation.mini.icom.museum\/es\/wp-json\/wp\/v2\/media?parent=12151"}],"wp:term":[{"taxonomy":"yst_prominent_words","embeddable":true,"href":"https:\/\/icom-documentation.mini.icom.museum\/es\/wp-json\/wp\/v2\/yst_prominent_words?post=12151"}],"curies":[{"name":"wp","href":"https:\/\/api.w.org\/{rel}","templated":true}]}}