{"id":1135,"date":"2018-12-28T10:28:14","date_gmt":"2018-12-28T10:28:14","guid":{"rendered":"http:\/\/cidoc.icom.cust.oxymium.net\/archive\/boletines-anteriores\/"},"modified":"2025-12-09T12:04:31","modified_gmt":"2025-12-09T12:04:31","slug":"boletines-anteriores","status":"publish","type":"page","link":"https:\/\/icom-documentation.mini.icom.museum\/es\/archivos\/boletines-anteriores\/","title":{"rendered":"Boletines anteriores"},"content":{"rendered":"<div id=\"RTE_CONTENT\">\n<p><!--TYPO3SEARCH_begin--> <!-- CONTENT ELEMENT, uid:5535\/text [begin] --><\/p>\n<div id=\"c5535\">\n<p><!-- Text: [begin] --><\/p>\n<p>El CIDOC public\u00f3 regularmente un bolet\u00edn anual hasta el a\u00f1o 2000, cuando los costos de impresi\u00f3n y distribuci\u00f3n se volvieron demasiado altos para el comit\u00e9. Despu\u00e9s de un per\u00edodo de reflexi\u00f3n, volvimos a producir un bolet\u00edn en 2006. Los boletines recientes est\u00e1n disponibles tanto en forma impresa como en formato PDF.<\/p>\n<p>En el futuro, tenemos la intenci\u00f3n de continuar la producci\u00f3n de un bolet\u00edn de noticias regular, pero para mantener los costos bajos planeamos la distribuci\u00f3n del bolet\u00edn a miembros del comit\u00e9 por medios electr\u00f3nicos, siempre que sea posible. Las copias impresas est\u00e1n disponibles bajo pedido hasta agotar existencias.<\/p>\n<p>Si tiene art\u00edculos de noticias que le gustar\u00eda compartir escribiendo un art\u00edculo para el bolet\u00edn, por favor p\u00f3ngase en contacto con el editor, <a href=\"mailto:cidoc.newsletter@gmail.com\">Edurne Uriarte Santill\u00e1n<\/a>.<\/p>\n<p>En el men\u00fa de derecha est\u00e1n los Boletines CIDOC publicados desde 1989. Algunos temas son accesibles en l\u00ednea en formato PDF o HTML. Estamos trabajando para escanear todos los boletines m\u00e1s antiguos y hacerlos disponibles en l\u00ednea.<\/p>\n<p><!-- Text: [end] --> <!-- BEGIN: Content of extension \"hpo_relatedlink\", plugin \"tx_hporelatedlink_pi1\" --><\/p>\n<div><\/div>\n<p><!-- END: Content of extension \"hpo_relatedlink\", plugin \"tx_hporelatedlink_pi1\" --><\/p>\n<\/div>\n<p><!-- CONTENT ELEMENT, uid:5535\/text [end] --> <!--TYPO3SEARCH_end--><\/p>\n<\/div>\n<p><a href=\"https:\/\/icom-documentation.mini.icom.museum\/archive\/past-newsletters\/2024-newsletter\/\">2024<\/a><\/p>\n<p class=\"bodytext\"><a class=\"internal-link\" title=\"Opens internal link in current window\" href=\"https:\/\/icom-documentation.mini.icom.museum\/archive\/past-newsletters\/newsletter-2023\/\">2023<\/a><\/p>\n","protected":false},"excerpt":{"rendered":"<p>El CIDOC public\u00f3 regularmente un bolet\u00edn anual hasta el a\u00f1o 2000, cuando los costos de impresi\u00f3n y distribuci\u00f3n se volvieron demasiado altos para el comit\u00e9. Despu\u00e9s de un per\u00edodo de reflexi\u00f3n, volvimos a producir un bolet\u00edn en 2006. Los boletines recientes est\u00e1n disponibles tanto en forma impresa como en formato PDF. En el futuro, tenemos [&hellip;]<\/p>\n","protected":false},"author":1,"featured_media":0,"parent":703,"menu_order":1,"comment_status":"closed","ping_status":"closed","template":"","meta":{"footnotes":""},"yst_prominent_words":[1782,151,159,161,208,1607,164,2090],"acf":[],"_links":{"self":[{"href":"https:\/\/icom-documentation.mini.icom.museum\/es\/wp-json\/wp\/v2\/pages\/1135"}],"collection":[{"href":"https:\/\/icom-documentation.mini.icom.museum\/es\/wp-json\/wp\/v2\/pages"}],"about":[{"href":"https:\/\/icom-documentation.mini.icom.museum\/es\/wp-json\/wp\/v2\/types\/page"}],"author":[{"embeddable":true,"href":"https:\/\/icom-documentation.mini.icom.museum\/es\/wp-json\/wp\/v2\/users\/1"}],"replies":[{"embeddable":true,"href":"https:\/\/icom-documentation.mini.icom.museum\/es\/wp-json\/wp\/v2\/comments?post=1135"}],"version-history":[{"count":5,"href":"https:\/\/icom-documentation.mini.icom.museum\/es\/wp-json\/wp\/v2\/pages\/1135\/revisions"}],"predecessor-version":[{"id":12978,"href":"https:\/\/icom-documentation.mini.icom.museum\/es\/wp-json\/wp\/v2\/pages\/1135\/revisions\/12978"}],"up":[{"embeddable":true,"href":"https:\/\/icom-documentation.mini.icom.museum\/es\/wp-json\/wp\/v2\/pages\/703"}],"wp:attachment":[{"href":"https:\/\/icom-documentation.mini.icom.museum\/es\/wp-json\/wp\/v2\/media?parent=1135"}],"wp:term":[{"taxonomy":"yst_prominent_words","embeddable":true,"href":"https:\/\/icom-documentation.mini.icom.museum\/es\/wp-json\/wp\/v2\/yst_prominent_words?post=1135"}],"curies":[{"name":"wp","href":"https:\/\/api.w.org\/{rel}","templated":true}]}}