{"id":1129,"date":"2018-12-28T10:28:05","date_gmt":"2018-12-28T10:28:05","guid":{"rendered":"http:\/\/cidoc.icom.cust.oxymium.net\/events\/organiza-tu-propio-evento-de-entrenamiento\/"},"modified":"2025-12-09T13:35:07","modified_gmt":"2025-12-09T13:35:07","slug":"organiza-tu-propio-evento-de-entrenamiento","status":"publish","type":"page","link":"https:\/\/icom-documentation.mini.icom.museum\/es\/eventos\/organiza-tu-propio-evento-de-entrenamiento\/","title":{"rendered":"Organice su evento capacitaci\u00f3n"},"content":{"rendered":"<p>\u00bfEst\u00e1 interesado en organizar un evento de capacitaci\u00f3n en su instituci\u00f3n? La capacitaci\u00f3n se puede adaptar a las necesidades locales, desde cursos b\u00e1sicos hasta temas avanzados, en grupos peque\u00f1os o grandes. La Asociaci\u00f3n de Capacitaci\u00f3n en DOCUMENTATION puede ayudarlo a prepararse, brindando capacitaci\u00f3n para capacitadores locales, orientaci\u00f3n para la elaboraci\u00f3n de presupuestos y planificaci\u00f3n, y apoyo t\u00e9cnico con sitios web, publicidad, registro y herramientas de gesti\u00f3n de eventos.<\/p>\n<p>Contacto: <a href=\"https:\/\/cidoc.info\/Training\/CIDOCTRAIN_10\/en\">Asociaci\u00f3n de Formaci\u00f3n en Documentaci\u00f3n<\/a><\/p>\n","protected":false},"excerpt":{"rendered":"<p>\u00bfEst\u00e1 interesado en organizar un evento de capacitaci\u00f3n en su instituci\u00f3n? La capacitaci\u00f3n se puede adaptar a las necesidades locales, desde cursos b\u00e1sicos hasta temas avanzados, en grupos peque\u00f1os o grandes. La Asociaci\u00f3n de Capacitaci\u00f3n en DOCUMENTATION puede ayudarlo a prepararse, brindando capacitaci\u00f3n para capacitadores locales, orientaci\u00f3n para la elaboraci\u00f3n de presupuestos y planificaci\u00f3n, y [&hellip;]<\/p>\n","protected":false},"author":1,"featured_media":0,"parent":700,"menu_order":3,"comment_status":"closed","ping_status":"closed","template":"","meta":{"footnotes":""},"yst_prominent_words":[2153,2150,2151,151,2147,161,89,2152,164],"acf":[],"_links":{"self":[{"href":"https:\/\/icom-documentation.mini.icom.museum\/es\/wp-json\/wp\/v2\/pages\/1129"}],"collection":[{"href":"https:\/\/icom-documentation.mini.icom.museum\/es\/wp-json\/wp\/v2\/pages"}],"about":[{"href":"https:\/\/icom-documentation.mini.icom.museum\/es\/wp-json\/wp\/v2\/types\/page"}],"author":[{"embeddable":true,"href":"https:\/\/icom-documentation.mini.icom.museum\/es\/wp-json\/wp\/v2\/users\/1"}],"replies":[{"embeddable":true,"href":"https:\/\/icom-documentation.mini.icom.museum\/es\/wp-json\/wp\/v2\/comments?post=1129"}],"version-history":[{"count":4,"href":"https:\/\/icom-documentation.mini.icom.museum\/es\/wp-json\/wp\/v2\/pages\/1129\/revisions"}],"predecessor-version":[{"id":13010,"href":"https:\/\/icom-documentation.mini.icom.museum\/es\/wp-json\/wp\/v2\/pages\/1129\/revisions\/13010"}],"up":[{"embeddable":true,"href":"https:\/\/icom-documentation.mini.icom.museum\/es\/wp-json\/wp\/v2\/pages\/700"}],"wp:attachment":[{"href":"https:\/\/icom-documentation.mini.icom.museum\/es\/wp-json\/wp\/v2\/media?parent=1129"}],"wp:term":[{"taxonomy":"yst_prominent_words","embeddable":true,"href":"https:\/\/icom-documentation.mini.icom.museum\/es\/wp-json\/wp\/v2\/yst_prominent_words?post=1129"}],"curies":[{"name":"wp","href":"https:\/\/api.w.org\/{rel}","templated":true}]}}