{"id":1126,"date":"2018-12-28T10:28:02","date_gmt":"2018-12-28T10:28:02","guid":{"rendered":"http:\/\/cidoc.icom.cust.oxymium.net\/events\/sesiones-de-capacitacion\/"},"modified":"2018-12-28T10:58:59","modified_gmt":"2018-12-28T10:58:59","slug":"sesiones-de-capacitacion","status":"publish","type":"page","link":"https:\/\/icom-documentation.mini.icom.museum\/es\/eventos\/sesiones-de-capacitacion\/","title":{"rendered":"Sesiones de capacitaci\u00f3n"},"content":{"rendered":"<div id=\"RTE_CONTENT\"> <!--TYPO3SEARCH_begin--> \t<!--  CONTENT ELEMENT, uid:12924\/textpic [begin] --> \t\t<\/p>\n<div id=\"c12924\"> \t\t<!--  Header: [begin] --> \t\t\t<\/p>\n<h2>Los programas de formaci\u00f3n del CIDOC<\/h2>\n<p> \t\t<!--  Header: [end] --> \t\t\t \t\t<!--  Image block: [begin] --> \t\t\t<\/p>\n<div> \t\t<!--  Text: [begin] --> \t\t\t<\/p>\n<p>Trabajando en asociaci\u00f3n con el Museo de la Universidad Texas Tech (Mottu) CIDOC ha desarrollado une programa de formaci\u00f3n innovador : <i>la Escuela de Verano del CIDOC<\/i>.<\/p>\n<p>Dise\u00f1ado tanto para experimentados y principiantes en el campo de la documentaci\u00f3n de los museos, el programa re\u00fane expertos reconocidos &#8211; miembros CIDOC y acad\u00e9micos &#8211; con profesionales de la documentaci\u00f3n en busca de asesoramiento y formaci\u00f3n. Las actividades de capacitaci\u00f3n se llevan a cabo anualmente en diferentes lugares, en Ingl\u00e9s y otros idiomas.<\/p>\n<p>\u00a1Mire este espacio para los anuncios! <\/p>\n<hr>\n<p> \t\t<!--  Text: [end] --> \t\t\t<\/div>\n<p> \t\t<!--  Image block: [end] --> \t\t\t   \t<!--  \t\tBEGIN: Content of extension \"hpo_relatedlink\", plugin \"tx_hporelatedlink_pi1\"  \t--> \t<\/p>\n<div> \t\t \t<\/div>\n<p> \t \t<!-- END: Content of extension \"hpo_relatedlink\", plugin \"tx_hporelatedlink_pi1\" -->  \t<\/div>\n<p> \t<!--  CONTENT ELEMENT, uid:12924\/textpic [end] --> \t\t \t<!--  CONTENT ELEMENT, uid:16713\/text [begin] --> \t\t<\/p>\n<div id=\"c16713\"> \t\t<!--  Header: [begin] --> \t\t\t<\/p>\n<h2>CIDOC Escuela de verano en los EE.UU. <\/h2>\n<p> \t\t<!--  Header: [end] --> \t\t\t \t\t<!--  Text: [begin] --> \t\t\t<\/p>\n<p><img decoding=\"async\" alt=\"CIDOC Training Programme in Museum Documentation\" src=\"https:\/\/icom-documentation.mini.icom.museum\/wp-content\/uploads\/sites\/87\/2018\/12\/RTEmagicC_8afc79bcbc.png.png\"> <\/p>\n<p><b>Capacitaci\u00f3n CIDOC 2018 &#8211; inscripci\u00f3n abierta<\/b> <\/p>\n<p>31 julio a 3 agosto, 2018, cursos en Ingl\u00e9s <\/p>\n<p><a href=\"https:\/\/cidoc.open-world.ch\/Training\/TX2018\" title=\"CIDOC 2018 Summer School, Texas USA\" target=\"2015\">Principios y Pr\u00e1ctica de la documentaci\u00f3n<\/a> <\/p>\n<p>Museum of Texas Tech University, Lubbock EE.UU. <\/p>\n<p>Est\u00e1n abiertas las inscripciones para la Escuela de Verano 2018 CIDOC en el Museo de la Universidad de Texas Tech &#8211; Principios y pr\u00e1ctica de la documentaci\u00f3n de los museos, 31 julio &#8211; 3 agosto.<\/p>\n<p> Es un evento anual organizado desde el a\u00f1o 2011. Hemos capacitado a varios cientos de participantes.<\/p>\n<p> Los temas que cubrimos rango desde b\u00e1sico hasta avanzado. Al igual que en a\u00f1os anteriores, alojamiento en dormitorios compartidos est\u00e1 disponible en el campus por s\u00f3lo 30 USD por noche. Desayuno, almuerzo y pausa para el caf\u00e9 est\u00e1n incluidos en la inscripci\u00f3n. La inscripci\u00f3n es de 300 USD (250 USD para los miembros del ICOM).<\/p>\n<p> El programa completo se puede encontrar en la p\u00e1gina web de la Escuela de Verano del CIDOC:  <\/p>\n<p><a href=\"https:\/\/cidoc.open-world.ch\/Training\/TX2018\" title=\"Opens external link in new window\" target=\"_blank\">https:\/\/cidoc.open-world.ch\/Training\/TX2018<\/a> <\/p>\n<p>\u00a1Por favor, h\u00e1ganos saber si usted tiene alguna pregunta! <\/p>\n<hr>\n<p> \t\t<!--  Text: [end] --> \t\t\t   \t<!--  \t\tBEGIN: Content of extension \"hpo_relatedlink\", plugin \"tx_hporelatedlink_pi1\"  \t--> \t<\/p>\n<div> \t\t \t<\/div>\n<p> \t \t<!-- END: Content of extension \"hpo_relatedlink\", plugin \"tx_hporelatedlink_pi1\" -->  \t<\/div>\n<p> \t<!--  CONTENT ELEMENT, uid:16713\/text [end] --> \t\t \t<!--  CONTENT ELEMENT, uid:20973\/textpic [begin] --> \t\t<\/p>\n<div id=\"c20973\"> \t\t<!--  Header: [begin] --> \t\t\t<\/p>\n<h2>Archivo des partomonio cultural inmaterial, Lausana, Suiza <\/h2>\n<p> \t\t<!--  Header: [end] --> \t\t\t \t\t<!--  Image block: [begin] --> \t\t\t<\/p>\n<div> \t\t<!--  Text: [begin] --> \t\t\t<\/p>\n<p> <b> Entrenamiento CIDOC 2018: \u00a1el registro ya est\u00e1 abierto! <\/b>  <\/p>\n<h3> <a href=\"https:\/\/cidoc.open-world.ch\/Training\/EPFL2018\" title=\"external-link-new-window\" target=\"_\"> Archivo del patrimonio cultural inmaterial <\/a> <\/h3>\n<p>6 al 10 de agosto de 2018, cursos en franc\u00e9s\/ingl\u00e9s\u00a0 <\/p>\n<p> EPFL ArtLab y eM +, Lausana, Suiza  <\/p>\n<p> <img decoding=\"async\" src=\"https:\/\/icom-documentation.mini.icom.museum\/wp-content\/uploads\/sites\/87\/2018\/12\/RTEmagicC_dba32c79d3.jpg.jpg\" alt=\"\">  <\/p>\n<p> La Escuela de Verano de la Asociaci\u00f3n de Capacitaci\u00f3n de CIDOC tendr\u00e1 lugar por primera vez en Suiza, en el campus de la EPFL en Lausana, con vistas al lago Leman.  <\/p>\n<p> El evento se organiza en conjunto con el Simposio: <i> Archivar el patrimonio cultural inmaterial: un simposio para las tradiciones vivas <\/i>y la exposici\u00f3n de EPFL ArtLab<i> Kung Fu Motion.<\/i> <\/p>\n<p> Los talleres de la Escuela de Verano, que se entregar\u00e1n con traducci\u00f3n al franc\u00e9s e ingl\u00e9s, cubrir\u00e1n los aspectos esenciales de la teor\u00eda y la pr\u00e1ctica de la documentaci\u00f3n de los museos, con un enfoque especial en la documentaci\u00f3n de las tradiciones vivas y el patrimonio inmaterial.  <\/p>\n<p> El evento incluye conferencias, talleres de capacitaci\u00f3n, visitas de exhibici\u00f3n y visitas guiadas entre bastidores. <\/p>\n<hr>\n<p> \t\t<!--  Text: [end] --> \t\t\t<\/div>\n<p> \t\t<!--  Image block: [end] --> \t\t\t   \t<!--  \t\tBEGIN: Content of extension \"hpo_relatedlink\", plugin \"tx_hporelatedlink_pi1\"  \t--> \t<\/p>\n<div> \t\t \t<\/div>\n<p> \t \t<!-- END: Content of extension \"hpo_relatedlink\", plugin \"tx_hporelatedlink_pi1\" -->  \t<\/div>\n<p> \t<!--  CONTENT ELEMENT, uid:20973\/textpic [end] --> \t\t \t<!--  CONTENT ELEMENT, uid:20849\/textpic [begin] --> \t\t<\/p>\n<div id=\"c20849\"> \t\t<!--  Header: [begin] --> \t\t\t<\/p>\n<h2>Programa de formaci\u00f3n CIDOC en Tartu, Estonie<\/h2>\n<p> \t\t<!--  Header: [end] --> \t\t\t \t\t<!--  Image block: [begin] --> \t\t\t<\/p>\n<div> \t\t<!--  Text: [begin] --> \t\t\t<\/p>\n<p><b>2018 Formac\u00edon CIDOC &#8211; \u00a1Inscripci\u00f3n abierta!<\/b> <\/p>\n<h3><a href=\"https:\/\/cidoc.open-world.ch\/Training\/EE2018\" title=\"Opens external link in new window\" target=\"_blank\">Patrimonio cultural digital<\/a><\/h3>\n<p>12-17 de agosto 2018, cursos en estonio (y un poco de ingl\u00e9s) <\/p>\n<p>Universidad de Tartu, Estonia  <\/p>\n<p><img decoding=\"async\" src=\"https:\/\/icom-documentation.mini.icom.museum\/wp-content\/uploads\/sites\/87\/2018\/12\/RTEmagicC_Summer_School_logo_2col_freehand.png.png\" alt=\"\"> <\/p>\n<hr>\n<p> \t\t<!--  Text: [end] --> \t\t\t<\/div>\n<p> \t\t<!--  Image block: [end] --> \t\t\t   \t<!--  \t\tBEGIN: Content of extension \"hpo_relatedlink\", plugin \"tx_hporelatedlink_pi1\"  \t--> \t<\/p>\n<div> \t\t \t<\/div>\n<p> \t \t<!-- END: Content of extension \"hpo_relatedlink\", plugin \"tx_hporelatedlink_pi1\" -->  \t<\/div>\n<p> \t<!--  CONTENT ELEMENT, uid:20849\/textpic [end] --> \t\t<!--TYPO3SEARCH_end--> <\/div>\n","protected":false},"excerpt":{"rendered":"<p>Los programas de formaci\u00f3n del CIDOC Trabajando en asociaci\u00f3n con el Museo de la Universidad Texas Tech (Mottu) CIDOC ha desarrollado une programa de formaci\u00f3n innovador : la Escuela de Verano del CIDOC. Dise\u00f1ado tanto para experimentados y principiantes en el campo de la documentaci\u00f3n de los museos, el programa re\u00fane expertos reconocidos &#8211; miembros [&hellip;]<\/p>\n","protected":false},"author":1,"featured_media":0,"parent":700,"menu_order":2,"comment_status":"closed","ping_status":"closed","template":"","meta":{"footnotes":""},"yst_prominent_words":[],"acf":[],"_links":{"self":[{"href":"https:\/\/icom-documentation.mini.icom.museum\/es\/wp-json\/wp\/v2\/pages\/1126"}],"collection":[{"href":"https:\/\/icom-documentation.mini.icom.museum\/es\/wp-json\/wp\/v2\/pages"}],"about":[{"href":"https:\/\/icom-documentation.mini.icom.museum\/es\/wp-json\/wp\/v2\/types\/page"}],"author":[{"embeddable":true,"href":"https:\/\/icom-documentation.mini.icom.museum\/es\/wp-json\/wp\/v2\/users\/1"}],"replies":[{"embeddable":true,"href":"https:\/\/icom-documentation.mini.icom.museum\/es\/wp-json\/wp\/v2\/comments?post=1126"}],"version-history":[{"count":1,"href":"https:\/\/icom-documentation.mini.icom.museum\/es\/wp-json\/wp\/v2\/pages\/1126\/revisions"}],"predecessor-version":[{"id":8943,"href":"https:\/\/icom-documentation.mini.icom.museum\/es\/wp-json\/wp\/v2\/pages\/1126\/revisions\/8943"}],"up":[{"embeddable":true,"href":"https:\/\/icom-documentation.mini.icom.museum\/es\/wp-json\/wp\/v2\/pages\/700"}],"wp:attachment":[{"href":"https:\/\/icom-documentation.mini.icom.museum\/es\/wp-json\/wp\/v2\/media?parent=1126"}],"wp:term":[{"taxonomy":"yst_prominent_words","embeddable":true,"href":"https:\/\/icom-documentation.mini.icom.museum\/es\/wp-json\/wp\/v2\/yst_prominent_words?post=1126"}],"curies":[{"name":"wp","href":"https:\/\/api.w.org\/{rel}","templated":true}]}}