{"id":1096,"date":"2018-12-28T10:27:55","date_gmt":"2018-12-28T10:27:55","guid":{"rendered":"http:\/\/cidoc.icom.cust.oxymium.net\/events\/como-solicitar-la-organizacion-de-una-conferencia-cidoc\/"},"modified":"2021-12-04T20:29:26","modified_gmt":"2021-12-04T20:29:26","slug":"como-solicitar-la-organizacion-de-una-conferencia-cidoc","status":"publish","type":"page","link":"https:\/\/icom-documentation.mini.icom.museum\/es\/eventos\/como-solicitar-la-organizacion-de-una-conferencia-cidoc\/","title":{"rendered":"C\u00f3mo solicitar la organizaci\u00f3n de una Conferencia del CIDOC"},"content":{"rendered":"<div id=\"RTE_CONTENT\">\n<p><!--TYPO3SEARCH_begin--> <!-- CONTENT ELEMENT, uid:19030\/text [begin] --><\/p>\n<div id=\"c19030\">\n<p><!-- Text: [begin] --><\/p>\n<p>Cada tres a\u00f1os se lleva a cabo la conferencia general del ICOM conjuntamente con la conferencia del CIDOC. \u00c9sta es normalmente organizada por CIDOC como parte del evento trienal, por lo que en 2019, por ejemplo, nuestra conferencia ser\u00e1 en Kyoto, Jap\u00f3n.<\/p>\n<p>Pero CIDOC se re\u00fane cada a\u00f1o. Por seo, CIDOC acoge con satisfacci\u00f3n las solicitudes de los comit\u00e9s nacionales del ICOM y otras instituciones en asociaci\u00f3n para acoger la conferencia anual. Para obtener orientaci\u00f3n sobre lo que se pide al anfitri\u00f3n de la conferencia y c\u00f3mo aplicarse, vea las <a href=\"https:\/\/icom-documentation.mini.icom.museum\/es\/recursos\/recomendaciones-para-conferencias\/\" target=\"_blank\" rel=\"noopener\">directrices de la Conferencia del CIDOC<\/a>.<\/p>\n<p><!-- Text: [end] --> <!-- BEGIN: Content of extension \"hpo_relatedlink\", plugin \"tx_hporelatedlink_pi1\" --><\/p>\n<div><\/div>\n<p><!-- END: Content of extension \"hpo_relatedlink\", plugin \"tx_hporelatedlink_pi1\" --><\/p>\n<\/div>\n<p><!-- CONTENT ELEMENT, uid:19030\/text [end] --> <!--TYPO3SEARCH_end--><\/p>\n<\/div>\n","protected":false},"excerpt":{"rendered":"<p>Cada tres a\u00f1os se lleva a cabo la conferencia general del ICOM conjuntamente con la conferencia del CIDOC. \u00c9sta es normalmente organizada por CIDOC como parte del evento trienal, por lo que en 2019, por ejemplo, nuestra conferencia ser\u00e1 en Kyoto, Jap\u00f3n. Pero CIDOC se re\u00fane cada a\u00f1o. Por seo, CIDOC acoge con satisfacci\u00f3n las [&hellip;]<\/p>\n","protected":false},"author":1,"featured_media":0,"parent":700,"menu_order":1,"comment_status":"closed","ping_status":"closed","template":"","meta":{"footnotes":""},"yst_prominent_words":[145,160,2140,2138,151,84,2139,163,1543,123,161,54,89,156,2137,2136,2141,2082,1715],"acf":[],"_links":{"self":[{"href":"https:\/\/icom-documentation.mini.icom.museum\/es\/wp-json\/wp\/v2\/pages\/1096"}],"collection":[{"href":"https:\/\/icom-documentation.mini.icom.museum\/es\/wp-json\/wp\/v2\/pages"}],"about":[{"href":"https:\/\/icom-documentation.mini.icom.museum\/es\/wp-json\/wp\/v2\/types\/page"}],"author":[{"embeddable":true,"href":"https:\/\/icom-documentation.mini.icom.museum\/es\/wp-json\/wp\/v2\/users\/1"}],"replies":[{"embeddable":true,"href":"https:\/\/icom-documentation.mini.icom.museum\/es\/wp-json\/wp\/v2\/comments?post=1096"}],"version-history":[{"count":3,"href":"https:\/\/icom-documentation.mini.icom.museum\/es\/wp-json\/wp\/v2\/pages\/1096\/revisions"}],"predecessor-version":[{"id":10703,"href":"https:\/\/icom-documentation.mini.icom.museum\/es\/wp-json\/wp\/v2\/pages\/1096\/revisions\/10703"}],"up":[{"embeddable":true,"href":"https:\/\/icom-documentation.mini.icom.museum\/es\/wp-json\/wp\/v2\/pages\/700"}],"wp:attachment":[{"href":"https:\/\/icom-documentation.mini.icom.museum\/es\/wp-json\/wp\/v2\/media?parent=1096"}],"wp:term":[{"taxonomy":"yst_prominent_words","embeddable":true,"href":"https:\/\/icom-documentation.mini.icom.museum\/es\/wp-json\/wp\/v2\/yst_prominent_words?post=1096"}],"curies":[{"name":"wp","href":"https:\/\/api.w.org\/{rel}","templated":true}]}}