{"id":1069,"date":"2018-12-28T10:27:46","date_gmt":"2018-12-28T10:27:46","guid":{"rendered":"http:\/\/cidoc.icom.cust.oxymium.net\/training\/cidoc-material-de-capacitacion\/"},"modified":"2025-12-09T13:27:18","modified_gmt":"2025-12-09T13:27:18","slug":"cidoc-material-de-capacitacion","status":"publish","type":"page","link":"https:\/\/icom-documentation.mini.icom.museum\/es\/formacion\/cidoc-material-de-capacitacion\/","title":{"rendered":"Materiales de capacitaci\u00f3n de DOCUMENTATION"},"content":{"rendered":"<p>Para tener una idea de lo que es DOCUMENTATION Training, pruebe los m\u00f3dulos introductorios a continuaci\u00f3n. Representan nuestro punto de vista sobre los elementos esenciales de la documentaci\u00f3n tal y como se ense\u00f1an desde mayo de 2012. Se desarrollaron durante los eventos de incubaci\u00f3n del programa de capacitaci\u00f3n en el Museo de la Universidad Tecnol\u00f3gica de Texas. Cada uno va acompa\u00f1ado de una banda sonora en ingl\u00e9s.<\/p>\n<ul>\n<li><a href=\"https:\/\/cidoc.info\/Training\/Online\/101%20Introduction%20to%20documentation\/\">101 Introducci\u00f3n a la documentaci\u00f3n muse\u00edstica<\/a> (Nick Crofts)<\/li>\n<li><a href=\"https:\/\/cidoc.info\/Training\/Online\/102%20How%20to%20set%20up%20a%20basic%20inventory%20system\/\">102 C\u00f3mo configurar un sistema b\u00e1sico de inventario<\/a> (Nicky Ladkin)<\/li>\n<li><a href=\"https:\/\/cidoc.info\/Training\/Online\/103%20Marking%20Objects%20with%20Identification%20Numbers\/\">103 Marcaje de objetos con n\u00fameros de identificaci\u00f3n<\/a> (Terry Carnes)<\/li>\n<li><a href=\"https:\/\/cidoc.info\/Training\/Online\/104%20Photographing%20objects%20for%20inventory%20purposes\/\">104 Fotograf\u00eda de objetos con fines de inventario (Bill Mueller)<\/li>\n<\/ul>\n<p>Hay muchos m\u00e1s m\u00f3dulos disponibles. Echa un vistazo al cat\u00e1logo para ver qu\u00e9 te interesa. Si no encuentras lo que buscas, h\u00e1znoslo saber, \u00a1siempre estamos buscando nuevas ideas!<\/p>\n<p><a href=\"https:\/\/cidoc.info\/Training\/CIDOCTRAIN_09\/en\">M\u00f3dulos de formaci\u00f3n en l\u00ednea<\/a><\/p>\n","protected":false},"excerpt":{"rendered":"<p>Para tener una idea de lo que es DOCUMENTATION Training, pruebe los m\u00f3dulos introductorios a continuaci\u00f3n. Representan nuestro punto de vista sobre los elementos esenciales de la documentaci\u00f3n tal y como se ense\u00f1an desde mayo de 2012. Se desarrollaron durante los eventos de incubaci\u00f3n del programa de capacitaci\u00f3n en el Museo de la Universidad Tecnol\u00f3gica [&hellip;]<\/p>\n","protected":false},"author":1,"featured_media":0,"parent":697,"menu_order":1,"comment_status":"closed","ping_status":"closed","template":"","meta":{"footnotes":""},"yst_prominent_words":[151,2130,84,1627,161,89,297,2141,1607,2133,2131,164,1629,1715,2090,1534],"acf":[],"_links":{"self":[{"href":"https:\/\/icom-documentation.mini.icom.museum\/es\/wp-json\/wp\/v2\/pages\/1069"}],"collection":[{"href":"https:\/\/icom-documentation.mini.icom.museum\/es\/wp-json\/wp\/v2\/pages"}],"about":[{"href":"https:\/\/icom-documentation.mini.icom.museum\/es\/wp-json\/wp\/v2\/types\/page"}],"author":[{"embeddable":true,"href":"https:\/\/icom-documentation.mini.icom.museum\/es\/wp-json\/wp\/v2\/users\/1"}],"replies":[{"embeddable":true,"href":"https:\/\/icom-documentation.mini.icom.museum\/es\/wp-json\/wp\/v2\/comments?post=1069"}],"version-history":[{"count":5,"href":"https:\/\/icom-documentation.mini.icom.museum\/es\/wp-json\/wp\/v2\/pages\/1069\/revisions"}],"predecessor-version":[{"id":13001,"href":"https:\/\/icom-documentation.mini.icom.museum\/es\/wp-json\/wp\/v2\/pages\/1069\/revisions\/13001"}],"up":[{"embeddable":true,"href":"https:\/\/icom-documentation.mini.icom.museum\/es\/wp-json\/wp\/v2\/pages\/697"}],"wp:attachment":[{"href":"https:\/\/icom-documentation.mini.icom.museum\/es\/wp-json\/wp\/v2\/media?parent=1069"}],"wp:term":[{"taxonomy":"yst_prominent_words","embeddable":true,"href":"https:\/\/icom-documentation.mini.icom.museum\/es\/wp-json\/wp\/v2\/yst_prominent_words?post=1069"}],"curies":[{"name":"wp","href":"https:\/\/api.w.org\/{rel}","templated":true}]}}