{"id":1066,"date":"2018-12-28T10:27:42","date_gmt":"2018-12-28T10:27:42","guid":{"rendered":"http:\/\/cidoc.icom.cust.oxymium.net\/training\/introducion\/"},"modified":"2025-12-09T13:17:55","modified_gmt":"2025-12-09T13:17:55","slug":"introducion","status":"publish","type":"page","link":"https:\/\/icom-documentation.mini.icom.museum\/es\/formacion\/introducion\/","title":{"rendered":"Introducci\u00f3n"},"content":{"rendered":"<p>La Asociaci\u00f3n de Formaci\u00f3n en Documentaci\u00f3n del ICOM asume la responsabilidad de la gesti\u00f3n y el desarrollo del Programa de Formaci\u00f3n en Documentaci\u00f3n. Destinado tanto al personal experimentado de los museos como a los reci\u00e9n llegados al campo, este programa integral re\u00fane a expertos consolidados (miembros de la Documentaci\u00f3n del ICOM y profesores universitarios) con profesionales que buscan orientaci\u00f3n y formaci\u00f3n en la teor\u00eda y la pr\u00e1ctica de la Documentaci\u00f3n de los Museos. Los eventos de capacitaci\u00f3n se llevan a cabo anualmente, en diferentes lugares, en ingl\u00e9s y otros idiomas.<br \/>\n Desde la pandemia mundial, la Asociaci\u00f3n de Formaci\u00f3n ha ampliado enormemente su oferta en l\u00ednea. Hay una selecci\u00f3n de m\u00f3dulos disponibles, que cubren temas desde el nivel introductorio hasta el avanzado.  <\/p>\n<p><a href=\"https:\/\/icom-documentation.mini.icom.museum\/training\/cidoc-training-material\/\">Ejemplos de m\u00f3dulos de formaci\u00f3n<\/a><br \/>\n<a href=\"https:\/\/cidoc.info\/Training\/CIDOCTRAIN_08\/en\">Noticias de formaci\u00f3n<\/a><br \/>\n<a href=\"https:\/\/cidoc.info\/Training\/files\/CIDOC%20Training%20association%20statutes%2020160524.pdf\">Estatutos de la Asociaci\u00f3n de Formaci\u00f3n <\/a><br \/>\n<a href=\"https:\/\/cidoc.info\/Training\/CIDOCTRAIN_90\/en\">Informes de actividad<\/a><\/p>\n","protected":false},"excerpt":{"rendered":"<p>La Asociaci\u00f3n de Formaci\u00f3n en Documentaci\u00f3n del ICOM asume la responsabilidad de la gesti\u00f3n y el desarrollo del Programa de Formaci\u00f3n en Documentaci\u00f3n. Destinado tanto al personal experimentado de los museos como a los reci\u00e9n llegados al campo, este programa integral re\u00fane a expertos consolidados (miembros de la Documentaci\u00f3n del ICOM y profesores universitarios) con [&hellip;]<\/p>\n","protected":false},"author":1,"featured_media":0,"parent":697,"menu_order":0,"comment_status":"closed","ping_status":"closed","template":"","meta":{"footnotes":""},"yst_prominent_words":[2150,2125,151,84,1727,299,1539,123,252,89,2149,2124,2123],"acf":[],"_links":{"self":[{"href":"https:\/\/icom-documentation.mini.icom.museum\/es\/wp-json\/wp\/v2\/pages\/1066"}],"collection":[{"href":"https:\/\/icom-documentation.mini.icom.museum\/es\/wp-json\/wp\/v2\/pages"}],"about":[{"href":"https:\/\/icom-documentation.mini.icom.museum\/es\/wp-json\/wp\/v2\/types\/page"}],"author":[{"embeddable":true,"href":"https:\/\/icom-documentation.mini.icom.museum\/es\/wp-json\/wp\/v2\/users\/1"}],"replies":[{"embeddable":true,"href":"https:\/\/icom-documentation.mini.icom.museum\/es\/wp-json\/wp\/v2\/comments?post=1066"}],"version-history":[{"count":4,"href":"https:\/\/icom-documentation.mini.icom.museum\/es\/wp-json\/wp\/v2\/pages\/1066\/revisions"}],"predecessor-version":[{"id":12994,"href":"https:\/\/icom-documentation.mini.icom.museum\/es\/wp-json\/wp\/v2\/pages\/1066\/revisions\/12994"}],"up":[{"embeddable":true,"href":"https:\/\/icom-documentation.mini.icom.museum\/es\/wp-json\/wp\/v2\/pages\/697"}],"wp:attachment":[{"href":"https:\/\/icom-documentation.mini.icom.museum\/es\/wp-json\/wp\/v2\/media?parent=1066"}],"wp:term":[{"taxonomy":"yst_prominent_words","embeddable":true,"href":"https:\/\/icom-documentation.mini.icom.museum\/es\/wp-json\/wp\/v2\/yst_prominent_words?post=1066"}],"curies":[{"name":"wp","href":"https:\/\/api.w.org\/{rel}","templated":true}]}}