{"id":10046,"date":"2021-02-11T16:04:44","date_gmt":"2021-02-11T16:04:44","guid":{"rendered":"http:\/\/cidoc.mini.icom.museum\/?page_id=10046"},"modified":"2021-02-11T16:04:44","modified_gmt":"2021-02-11T16:04:44","slug":"cidoc-2020","status":"publish","type":"page","link":"https:\/\/icom-documentation.mini.icom.museum\/es\/archivos\/conferencias_pasadas\/cidoc-2020\/","title":{"rendered":"CIDOC 2020"},"content":{"rendered":"<h3><strong>CIDOC 2020 estar\u00e1 completamente en <a href=\"https:\/\/cidoc.mahgeneve.news\/en\/home\/\" target=\"_blank\" rel=\"noopener\">l\u00ednea del 7 al 10 de diciembre de 2020<\/a> organizado con nuestros colegas del Museo de Arte e Historia de Ginebra. Las grabaciones de las\u00a0sesiones\u00a0est\u00e1n disponibles en la web de\u00a0<\/strong><a href=\"https:\/\/cidoc.mahgeneve.news\/en\/conference\/#daily-program\" target=\"_blank\" rel=\"noopener\">CIDOC 2020<\/a><\/h3>\n<p><img decoding=\"async\" loading=\"lazy\" class=\"alignnone size-large wp-image-9933\" src=\"https:\/\/icom-documentation.mini.icom.museum\/wp-content\/uploads\/sites\/87\/2020\/11\/19-0231_MAH_Cidoc2020-fond-ecran_02-1024x576.jpg\" alt=\"\" width=\"1024\" height=\"576\" srcset=\"https:\/\/icom-documentation.mini.icom.museum\/wp-content\/uploads\/sites\/87\/2020\/11\/19-0231_MAH_Cidoc2020-fond-ecran_02-1024x576.jpg 1024w, https:\/\/icom-documentation.mini.icom.museum\/wp-content\/uploads\/sites\/87\/2020\/11\/19-0231_MAH_Cidoc2020-fond-ecran_02-300x169.jpg 300w, https:\/\/icom-documentation.mini.icom.museum\/wp-content\/uploads\/sites\/87\/2020\/11\/19-0231_MAH_Cidoc2020-fond-ecran_02-768x432.jpg 768w\" sizes=\"(max-width: 1024px) 100vw, 1024px\" \/><\/p>\n<p>El tema de la conferencia es La transformaci\u00f3n digital en las instituciones del patrimonio cultural e tenemos un <a href=\"https:\/\/cidoc.mahgeneve.news\/en\/conference\/#general-prog\" target=\"_blank\" rel=\"noopener\">programa muy amplio sobre este asunto<\/a>.<\/p>\n<p><iframe loading=\"lazy\" width=\"500\" height=\"281\" src=\"https:\/\/www.youtube.com\/embed\/ckBfr0Vb8Es?feature=oembed\" frameborder=\"0\" allow=\"accelerometer; autoplay; clipboard-write; encrypted-media; gyroscope; picture-in-picture\" allowfullscreen><\/iframe><\/p>\n<p>La transformaci\u00f3n desde una perspectiva digital se observ\u00f3 generalmente por primera vez en las instituciones de los museos en el contexto de la documentaci\u00f3n. Utilizadas durante mucho tiempo para apoyar y facilitar las pr\u00e1cticas tradicionales, estas herramientas cada vez m\u00e1s eficaces han ido transformando, a veces revolucionando, nuestro concepto mismo de documentaci\u00f3n y, a partir de ah\u00ed, de gesti\u00f3n, conservaci\u00f3n, estudio y difusi\u00f3n de la colecci\u00f3n. Esta transformaci\u00f3n se da de forma m\u00e1s o menos radical en funci\u00f3n del contexto cultural, con matices propios de las instituciones y los entornos geopol\u00edticos actuales. Ya sea que encuentre una feroz oposici\u00f3n o progrese en un terreno favorable, lo que a veces lo lleva a apartarse de los conceptos tradicionales de las misiones de las instituciones de los museos, nadie puede escapar de la tendencia digital en la actualidad.<\/p>\n<p>La jornada CIDOC 2020 tiene como objetivo hacer un balance de la situaci\u00f3n actual en este campo en el mundo de la documentaci\u00f3n, la gesti\u00f3n de colecciones y otras actividades muse\u00edsticas, as\u00ed como esbozar proyecciones para un futuro m\u00e1s o menos inmediato. El programa ya est\u00e1 online y puedes seguir toda la informaci\u00f3n sobre la conferencia en la <a href=\"https:\/\/cidoc.mahgeneve.news\/en\/home\/\" target=\"_blank\" rel=\"noopener\">web del CIDOC 2020<\/a>.<\/p>\n<p>\u00danase a nosotros en las redes sociales usando #CIDOC2020.\u00a0<a href=\"https:\/\/forms.gle\/xYEQtPjnwhbWJV2c8\" target=\"_blank\" rel=\"noopener\">Reg\u00edstrese<\/a> para asistir a la conferencia.<\/p>\n<p>Para cualquier pregunta, env\u00edenos un correo electr\u00f3nico a cidoc.info [arroba] gmail.com.<\/p>\n<p><img decoding=\"async\" loading=\"lazy\" src=\"http:\/\/network.icom.museum\/uploads\/RTEmagicC_CIDOC_2020_Geneva_birds_eye_view.jpg.jpg\" alt=\"\" width=\"500\" height=\"375\" \/><\/p>\n","protected":false},"excerpt":{"rendered":"<p>CIDOC 2020 estar\u00e1 completamente en l\u00ednea del 7 al 10 de diciembre de 2020 organizado con nuestros colegas del Museo de Arte e Historia de Ginebra. Las grabaciones de las\u00a0sesiones\u00a0est\u00e1n disponibles en la web de\u00a0CIDOC 2020 El tema de la conferencia es La transformaci\u00f3n digital en las instituciones del patrimonio cultural e tenemos un programa [&hellip;]<\/p>\n","protected":false},"author":70,"featured_media":0,"parent":1132,"menu_order":0,"comment_status":"closed","ping_status":"closed","template":"","meta":{"footnotes":""},"yst_prominent_words":[380,84,1727,1937,1735,299,1539,1542,1941,1936,1731,1733,1726,156,1942,1736,1732,1725,1721,1734],"acf":[],"_links":{"self":[{"href":"https:\/\/icom-documentation.mini.icom.museum\/es\/wp-json\/wp\/v2\/pages\/10046"}],"collection":[{"href":"https:\/\/icom-documentation.mini.icom.museum\/es\/wp-json\/wp\/v2\/pages"}],"about":[{"href":"https:\/\/icom-documentation.mini.icom.museum\/es\/wp-json\/wp\/v2\/types\/page"}],"author":[{"embeddable":true,"href":"https:\/\/icom-documentation.mini.icom.museum\/es\/wp-json\/wp\/v2\/users\/70"}],"replies":[{"embeddable":true,"href":"https:\/\/icom-documentation.mini.icom.museum\/es\/wp-json\/wp\/v2\/comments?post=10046"}],"version-history":[{"count":1,"href":"https:\/\/icom-documentation.mini.icom.museum\/es\/wp-json\/wp\/v2\/pages\/10046\/revisions"}],"predecessor-version":[{"id":10047,"href":"https:\/\/icom-documentation.mini.icom.museum\/es\/wp-json\/wp\/v2\/pages\/10046\/revisions\/10047"}],"up":[{"embeddable":true,"href":"https:\/\/icom-documentation.mini.icom.museum\/es\/wp-json\/wp\/v2\/pages\/1132"}],"wp:attachment":[{"href":"https:\/\/icom-documentation.mini.icom.museum\/es\/wp-json\/wp\/v2\/media?parent=10046"}],"wp:term":[{"taxonomy":"yst_prominent_words","embeddable":true,"href":"https:\/\/icom-documentation.mini.icom.museum\/es\/wp-json\/wp\/v2\/yst_prominent_words?post=10046"}],"curies":[{"name":"wp","href":"https:\/\/api.w.org\/{rel}","templated":true}]}}